{"id":1101,"date":"2021-10-21T10:32:46","date_gmt":"2021-10-21T10:32:46","guid":{"rendered":"https:\/\/somatifie.test-jou-website.be\/?page_id=1101"},"modified":"2025-11-27T10:43:21","modified_gmt":"2025-11-27T09:43:21","slug":"signalisatie","status":"publish","type":"page","link":"https:\/\/www.somatifie.be\/fr\/produits\/signalisation\/","title":{"rendered":"Signalisation"},"content":{"rendered":"\t\t<div data-elementor-type=\"wp-page\" data-elementor-id=\"1101\" class=\"elementor elementor-1101\" data-elementor-settings=\"{&quot;ha_cmc_init_switcher&quot;:&quot;no&quot;}\" data-elementor-post-type=\"page\">\n\t\t\t\t\t\t<section class=\"elementor-section elementor-top-section elementor-element elementor-element-f211503 elementor-section-boxed elementor-section-height-default elementor-section-height-default\" data-id=\"f211503\" data-element_type=\"section\" data-e-type=\"section\" data-settings=\"{&quot;jet_parallax_layout_list&quot;:[{&quot;jet_parallax_layout_image&quot;:{&quot;url&quot;:&quot;&quot;,&quot;id&quot;:&quot;&quot;,&quot;size&quot;:&quot;&quot;},&quot;_id&quot;:&quot;88bd5cf&quot;,&quot;jet_parallax_layout_image_tablet&quot;:{&quot;url&quot;:&quot;&quot;,&quot;id&quot;:&quot;&quot;,&quot;size&quot;:&quot;&quot;},&quot;jet_parallax_layout_image_mobile&quot;:{&quot;url&quot;:&quot;&quot;,&quot;id&quot;:&quot;&quot;,&quot;size&quot;:&quot;&quot;},&quot;jet_parallax_layout_speed&quot;:{&quot;unit&quot;:&quot;%&quot;,&quot;size&quot;:50,&quot;sizes&quot;:[]},&quot;jet_parallax_layout_type&quot;:&quot;scroll&quot;,&quot;jet_parallax_layout_direction&quot;:&quot;1&quot;,&quot;jet_parallax_layout_fx_direction&quot;:null,&quot;jet_parallax_layout_z_index&quot;:&quot;&quot;,&quot;jet_parallax_layout_bg_x&quot;:50,&quot;jet_parallax_layout_bg_x_tablet&quot;:&quot;&quot;,&quot;jet_parallax_layout_bg_x_mobile&quot;:&quot;&quot;,&quot;jet_parallax_layout_bg_y&quot;:50,&quot;jet_parallax_layout_bg_y_tablet&quot;:&quot;&quot;,&quot;jet_parallax_layout_bg_y_mobile&quot;:&quot;&quot;,&quot;jet_parallax_layout_bg_size&quot;:&quot;auto&quot;,&quot;jet_parallax_layout_bg_size_tablet&quot;:&quot;&quot;,&quot;jet_parallax_layout_bg_size_mobile&quot;:&quot;&quot;,&quot;jet_parallax_layout_animation_prop&quot;:&quot;transform&quot;,&quot;jet_parallax_layout_on&quot;:[&quot;desktop&quot;,&quot;tablet&quot;]}],&quot;_ha_eqh_enable&quot;:false}\">\n\t\t\t\t\t\t<div class=\"elementor-container elementor-column-gap-default\">\n\t\t\t\t\t<div class=\"elementor-column elementor-col-100 elementor-top-column elementor-element elementor-element-4a9b687\" data-id=\"4a9b687\" data-element_type=\"column\" data-e-type=\"column\">\n\t\t\t<div class=\"elementor-widget-wrap elementor-element-populated\">\n\t\t\t\t\t\t<div class=\"elementor-element elementor-element-d38c7ed elementor-widget elementor-widget-heading\" data-id=\"d38c7ed\" data-element_type=\"widget\" data-e-type=\"widget\" data-widget_type=\"heading.default\">\n\t\t\t\t\t<h2 class=\"elementor-heading-title elementor-size-default\">Signalisatie brandveiligheid<\/h2>\t\t\t\t<\/div>\n\t\t\t\t<div class=\"elementor-element elementor-element-dd4ac55 elementor-widget elementor-widget-text-editor\" data-id=\"dd4ac55\" data-element_type=\"widget\" data-e-type=\"widget\" data-widget_type=\"text-editor.default\">\n\t\t\t\t\t\t\t\t\t<p>Het is verplicht om aan te duiden waar het eerste interventiemateriaal geplaatst werd, alsook de evacuatieweg dient duidelijk aangeduid te worden. Zorg voor een optimale veiligheidssignalisatie d.m.v <strong><a href=\"https:\/\/www.somatifie.be\/producten\/signalisatie\/veiligheidspictogrammen\/\">pictogrammen<\/a><\/strong> en <strong><a href=\"https:\/\/www.somatifie.be\/producten\/signalisatie\/noodverlichting\/\">noodverlichting<\/a><\/strong>.<\/p>\t\t\t\t\t\t\t\t<\/div>\n\t\t\t\t\t<\/div>\n\t\t<\/div>\n\t\t\t\t\t<\/div>\n\t\t<\/section>\n\t\t\t\t<section class=\"elementor-section elementor-top-section elementor-element elementor-element-d56bbac elementor-section-boxed elementor-section-height-default elementor-section-height-default\" data-id=\"d56bbac\" data-element_type=\"section\" data-e-type=\"section\" data-settings=\"{&quot;jet_parallax_layout_list&quot;:[{&quot;jet_parallax_layout_image&quot;:{&quot;url&quot;:&quot;&quot;,&quot;id&quot;:&quot;&quot;,&quot;size&quot;:&quot;&quot;},&quot;_id&quot;:&quot;68cda64&quot;,&quot;jet_parallax_layout_image_tablet&quot;:{&quot;url&quot;:&quot;&quot;,&quot;id&quot;:&quot;&quot;,&quot;size&quot;:&quot;&quot;},&quot;jet_parallax_layout_image_mobile&quot;:{&quot;url&quot;:&quot;&quot;,&quot;id&quot;:&quot;&quot;,&quot;size&quot;:&quot;&quot;},&quot;jet_parallax_layout_speed&quot;:{&quot;unit&quot;:&quot;%&quot;,&quot;size&quot;:50,&quot;sizes&quot;:[]},&quot;jet_parallax_layout_type&quot;:&quot;scroll&quot;,&quot;jet_parallax_layout_direction&quot;:&quot;1&quot;,&quot;jet_parallax_layout_fx_direction&quot;:null,&quot;jet_parallax_layout_z_index&quot;:&quot;&quot;,&quot;jet_parallax_layout_bg_x&quot;:50,&quot;jet_parallax_layout_bg_x_tablet&quot;:&quot;&quot;,&quot;jet_parallax_layout_bg_x_mobile&quot;:&quot;&quot;,&quot;jet_parallax_layout_bg_y&quot;:50,&quot;jet_parallax_layout_bg_y_tablet&quot;:&quot;&quot;,&quot;jet_parallax_layout_bg_y_mobile&quot;:&quot;&quot;,&quot;jet_parallax_layout_bg_size&quot;:&quot;auto&quot;,&quot;jet_parallax_layout_bg_size_tablet&quot;:&quot;&quot;,&quot;jet_parallax_layout_bg_size_mobile&quot;:&quot;&quot;,&quot;jet_parallax_layout_animation_prop&quot;:&quot;transform&quot;,&quot;jet_parallax_layout_on&quot;:[&quot;desktop&quot;,&quot;tablet&quot;]}],&quot;background_background&quot;:&quot;classic&quot;,&quot;_ha_eqh_enable&quot;:false}\">\n\t\t\t\t\t\t<div class=\"elementor-container elementor-column-gap-default\">\n\t\t\t\t\t<div class=\"elementor-column elementor-col-50 elementor-top-column elementor-element elementor-element-2f904aa ctalinken\" data-id=\"2f904aa\" data-element_type=\"column\" data-e-type=\"column\">\n\t\t\t<div class=\"elementor-widget-wrap elementor-element-populated\">\n\t\t\t\t\t\t<div class=\"elementor-element elementor-element-0223f9f elementor-widget elementor-widget-text-editor\" data-id=\"0223f9f\" data-element_type=\"widget\" data-e-type=\"widget\" data-widget_type=\"text-editor.default\">\n\t\t\t\t\t\t\t\t\t<p>Advies nodig?<\/p>\t\t\t\t\t\t\t\t<\/div>\n\t\t\t\t<div class=\"elementor-element elementor-element-8cf4ad4 elementor-widget elementor-widget-text-editor\" data-id=\"8cf4ad4\" data-element_type=\"widget\" data-e-type=\"widget\" data-widget_type=\"text-editor.default\">\n\t\t\t\t\t\t\t\t\t<p><span style=\"color: #ffffff;\"><a style=\"color: #ffffff;\" href=\"https:\/\/www.somatifie.be\/contact-brandbestrijding-eerste-interventiemateriaal\/\">Contacteer ons<\/a> dan!<\/span><br \/>Onze experten in brandbestrijding staan ter jouw beschikking.<\/p>\t\t\t\t\t\t\t\t<\/div>\n\t\t\t\t\t<\/div>\n\t\t<\/div>\n\t\t\t\t<div class=\"elementor-column elementor-col-50 elementor-top-column elementor-element elementor-element-c7f2449\" data-id=\"c7f2449\" data-element_type=\"column\" data-e-type=\"column\">\n\t\t\t<div class=\"elementor-widget-wrap elementor-element-populated\">\n\t\t\t\t\t\t<div class=\"elementor-element elementor-element-a9b743c elementor-button-info elementor-align-center elementor-widget elementor-widget-button\" data-id=\"a9b743c\" data-element_type=\"widget\" data-e-type=\"widget\" data-widget_type=\"button.default\">\n\t\t\t\t\t\t\t\t\t\t<a class=\"elementor-button elementor-button-link elementor-size-lg elementor-animation-grow\" href=\"https:\/\/www.somatifie.be\/contact-brandbestrijding-eerste-interventiemateriaal\/\">\n\t\t\t\t\t\t<span class=\"elementor-button-content-wrapper\">\n\t\t\t\t\t\t<span class=\"elementor-button-icon\">\n\t\t\t\t<svg xmlns=\"http:\/\/www.w3.org\/2000\/svg\" xmlns:xlink=\"http:\/\/www.w3.org\/1999\/xlink\" id=\"Layer_1\" x=\"0px\" y=\"0px\" viewBox=\"0 0 510.2 510.2\" style=\"enable-background:new 0 0 510.2 510.2;\" xml:space=\"preserve\"><g>\t<path d=\"M255,510.2C113.2,510.9-3.2,393,0.1,249.1C3.1,112,116.8-1.6,258.4,0C398.2,1.7,513.7,118.1,510,262   C506.5,398.6,393.9,510.8,255,510.2z M31.1,255.4c1.1,128.2,104.8,226.8,227.4,225c118.9-1.8,220.3-98.7,220.4-225.2   C478.9,127,374.4,28,251.4,30C132.3,32,31.9,129,31.1,255.4z\"><\/path><\/g><path d=\"M340.1,425.6l-27.4,14.9c-4.9,2.7-16.7,1.7-17,1.6c-67.3-19.1-124.3-64.6-157.8-126.1c-33.7-61.6-41-134.4-20.5-201.5  c0,0,5.6-10.1,10.5-12.8l27.4-15c10-5.5,26-4.6,35.4,1.9l4,2.9c9.4,6.6,17,21.3,16.7,32.8l-0.8,42.4c-0.2,11.5-8.6,25.5-18.6,30.9  l-18.3,10c-1.2,55.7,27.3,108,74.7,137l18.3-10c10-5.5,26.4-4.9,36.1,1.1l36,22.2c9.7,5.9,18.1,20.3,18.5,31.7l0.2,4.9  C358,406.2,350.1,420.2,340.1,425.6z\"><\/path><path d=\"M269.9,260.9l20,5.8c6.4-22.1-6.1-45.2-28.2-51.8l-5.8,20C266.8,238.2,273.1,249.9,269.9,260.9z\"><\/path><path d=\"M349.9,284.3c16.3-55.3-15.4-113.2-70.6-129.5l-5.8,20c44.1,13,69.5,59.5,56.5,103.6L349.9,284.3z\"><\/path><path d=\"M296.9,94.9l-5.8,20c77.2,22.7,121.6,104,98.9,181.2l20,5.8C436,213.6,385.3,120.9,296.9,94.9z\"><\/path><\/svg>\t\t\t<\/span>\n\t\t\t\t\t\t\t\t\t<span class=\"elementor-button-text\">Contacteer ons<\/span>\n\t\t\t\t\t<\/span>\n\t\t\t\t\t<\/a>\n\t\t\t\t\t\t\t\t<\/div>\n\t\t\t\t\t<\/div>\n\t\t<\/div>\n\t\t\t\t\t<\/div>\n\t\t<\/section>\n\t\t\t\t<\/div>\n\t\t","protected":false},"excerpt":{"rendered":"<p>Signalisation de s\u00e9curit\u00e9 incendie Il est obligatoire d'indiquer o\u00f9 se trouve le mat\u00e9riel de premi\u00e8re intervention et l'itin\u00e9raire d'\u00e9vacuation doit \u00eatre clairement indiqu\u00e9. Assurez une signalisation optimale de la s\u00e9curit\u00e9 \u00e0 l'aide de pictogrammes et d'un \u00e9clairage de secours. Besoin de conseils ? Nos experts en lutte contre l'incendie sont \u00e0 votre disposition. Contactez nous<\/p>","protected":false},"author":5,"featured_media":1851,"parent":52,"menu_order":70,"comment_status":"closed","ping_status":"closed","template":"","meta":{"_seopress_robots_primary_cat":"","_seopress_titles_title":"Signalisatie brandveiligheid | B2B | SomatiFIE","_seopress_titles_desc":"SomatiFIE kan zorgen voor de signalisatie brandveiligheid in jouw bedrijfsgebouwen. Veiligheidssignalisatie pictogrammen & meer.","_seopress_robots_index":"","footnotes":""},"class_list":["post-1101","page","type-page","status-publish","has-post-thumbnail","hentry"],"_links":{"self":[{"href":"https:\/\/www.somatifie.be\/fr\/wp-json\/wp\/v2\/pages\/1101","targetHints":{"allow":["GET"]}}],"collection":[{"href":"https:\/\/www.somatifie.be\/fr\/wp-json\/wp\/v2\/pages"}],"about":[{"href":"https:\/\/www.somatifie.be\/fr\/wp-json\/wp\/v2\/types\/page"}],"author":[{"embeddable":true,"href":"https:\/\/www.somatifie.be\/fr\/wp-json\/wp\/v2\/users\/5"}],"replies":[{"embeddable":true,"href":"https:\/\/www.somatifie.be\/fr\/wp-json\/wp\/v2\/comments?post=1101"}],"version-history":[{"count":3,"href":"https:\/\/www.somatifie.be\/fr\/wp-json\/wp\/v2\/pages\/1101\/revisions"}],"predecessor-version":[{"id":7617,"href":"https:\/\/www.somatifie.be\/fr\/wp-json\/wp\/v2\/pages\/1101\/revisions\/7617"}],"up":[{"embeddable":true,"href":"https:\/\/www.somatifie.be\/fr\/wp-json\/wp\/v2\/pages\/52"}],"wp:featuredmedia":[{"embeddable":true,"href":"https:\/\/www.somatifie.be\/fr\/wp-json\/wp\/v2\/media\/1851"}],"wp:attachment":[{"href":"https:\/\/www.somatifie.be\/fr\/wp-json\/wp\/v2\/media?parent=1101"}],"curies":[{"name":"wp","href":"https:\/\/api.w.org\/{rel}","templated":true}]}}