{"id":1217,"date":"2021-10-21T12:31:38","date_gmt":"2021-10-21T12:31:38","guid":{"rendered":"https:\/\/somatifie.test-jou-website.be\/?page_id=1217"},"modified":"2025-11-27T10:56:55","modified_gmt":"2025-11-27T09:56:55","slug":"compressed-air-foam-systems-cafs","status":"publish","type":"page","link":"https:\/\/www.somatifie.be\/fr\/incendie-detection-et-protection\/compressed-air-foam-systems-cafs\/","title":{"rendered":"Syst\u00e8me de mousse \u00e0 air comprim\u00e9 (CAFS)"},"content":{"rendered":"\t\t<div data-elementor-type=\"wp-page\" data-elementor-id=\"1217\" class=\"elementor elementor-1217\" data-elementor-settings=\"{&quot;ha_cmc_init_switcher&quot;:&quot;no&quot;}\" data-elementor-post-type=\"page\">\n\t\t\t\t\t\t<section class=\"elementor-section elementor-top-section elementor-element elementor-element-31d63da elementor-section-boxed elementor-section-height-default elementor-section-height-default\" data-id=\"31d63da\" data-element_type=\"section\" data-e-type=\"section\" data-settings=\"{&quot;jet_parallax_layout_list&quot;:[{&quot;jet_parallax_layout_image&quot;:{&quot;url&quot;:&quot;&quot;,&quot;id&quot;:&quot;&quot;,&quot;size&quot;:&quot;&quot;},&quot;_id&quot;:&quot;e419382&quot;,&quot;jet_parallax_layout_image_tablet&quot;:{&quot;url&quot;:&quot;&quot;,&quot;id&quot;:&quot;&quot;,&quot;size&quot;:&quot;&quot;},&quot;jet_parallax_layout_image_mobile&quot;:{&quot;url&quot;:&quot;&quot;,&quot;id&quot;:&quot;&quot;,&quot;size&quot;:&quot;&quot;},&quot;jet_parallax_layout_speed&quot;:{&quot;unit&quot;:&quot;%&quot;,&quot;size&quot;:50,&quot;sizes&quot;:[]},&quot;jet_parallax_layout_type&quot;:&quot;scroll&quot;,&quot;jet_parallax_layout_direction&quot;:&quot;1&quot;,&quot;jet_parallax_layout_fx_direction&quot;:null,&quot;jet_parallax_layout_z_index&quot;:&quot;&quot;,&quot;jet_parallax_layout_bg_x&quot;:50,&quot;jet_parallax_layout_bg_x_tablet&quot;:&quot;&quot;,&quot;jet_parallax_layout_bg_x_mobile&quot;:&quot;&quot;,&quot;jet_parallax_layout_bg_y&quot;:50,&quot;jet_parallax_layout_bg_y_tablet&quot;:&quot;&quot;,&quot;jet_parallax_layout_bg_y_mobile&quot;:&quot;&quot;,&quot;jet_parallax_layout_bg_size&quot;:&quot;auto&quot;,&quot;jet_parallax_layout_bg_size_tablet&quot;:&quot;&quot;,&quot;jet_parallax_layout_bg_size_mobile&quot;:&quot;&quot;,&quot;jet_parallax_layout_animation_prop&quot;:&quot;transform&quot;,&quot;jet_parallax_layout_on&quot;:[&quot;desktop&quot;,&quot;tablet&quot;]}],&quot;_ha_eqh_enable&quot;:false}\">\n\t\t\t\t\t\t<div class=\"elementor-container elementor-column-gap-default\">\n\t\t\t\t\t<div class=\"elementor-column elementor-col-100 elementor-top-column elementor-element elementor-element-969d6c8\" data-id=\"969d6c8\" data-element_type=\"column\" data-e-type=\"column\">\n\t\t\t<div class=\"elementor-widget-wrap elementor-element-populated\">\n\t\t\t\t\t\t<div class=\"elementor-element elementor-element-ecdcd33 elementor-widget elementor-widget-heading\" data-id=\"ecdcd33\" data-element_type=\"widget\" data-e-type=\"widget\" data-widget_type=\"heading.default\">\n\t\t\t\t\t<h2 class=\"elementor-heading-title elementor-size-default\">CAFS<\/h2>\t\t\t\t<\/div>\n\t\t\t\t\t<\/div>\n\t\t<\/div>\n\t\t\t\t\t<\/div>\n\t\t<\/section>\n\t\t\t\t<section class=\"elementor-section elementor-top-section elementor-element elementor-element-ffb482d elementor-section-boxed elementor-section-height-default elementor-section-height-default\" data-id=\"ffb482d\" data-element_type=\"section\" data-e-type=\"section\" data-settings=\"{&quot;jet_parallax_layout_list&quot;:[{&quot;jet_parallax_layout_image&quot;:{&quot;url&quot;:&quot;&quot;,&quot;id&quot;:&quot;&quot;,&quot;size&quot;:&quot;&quot;},&quot;_id&quot;:&quot;074db35&quot;,&quot;jet_parallax_layout_image_tablet&quot;:{&quot;url&quot;:&quot;&quot;,&quot;id&quot;:&quot;&quot;,&quot;size&quot;:&quot;&quot;},&quot;jet_parallax_layout_image_mobile&quot;:{&quot;url&quot;:&quot;&quot;,&quot;id&quot;:&quot;&quot;,&quot;size&quot;:&quot;&quot;},&quot;jet_parallax_layout_speed&quot;:{&quot;unit&quot;:&quot;%&quot;,&quot;size&quot;:50,&quot;sizes&quot;:[]},&quot;jet_parallax_layout_type&quot;:&quot;scroll&quot;,&quot;jet_parallax_layout_direction&quot;:&quot;1&quot;,&quot;jet_parallax_layout_fx_direction&quot;:null,&quot;jet_parallax_layout_z_index&quot;:&quot;&quot;,&quot;jet_parallax_layout_bg_x&quot;:50,&quot;jet_parallax_layout_bg_x_tablet&quot;:&quot;&quot;,&quot;jet_parallax_layout_bg_x_mobile&quot;:&quot;&quot;,&quot;jet_parallax_layout_bg_y&quot;:50,&quot;jet_parallax_layout_bg_y_tablet&quot;:&quot;&quot;,&quot;jet_parallax_layout_bg_y_mobile&quot;:&quot;&quot;,&quot;jet_parallax_layout_bg_size&quot;:&quot;auto&quot;,&quot;jet_parallax_layout_bg_size_tablet&quot;:&quot;&quot;,&quot;jet_parallax_layout_bg_size_mobile&quot;:&quot;&quot;,&quot;jet_parallax_layout_animation_prop&quot;:&quot;transform&quot;,&quot;jet_parallax_layout_on&quot;:[&quot;desktop&quot;,&quot;tablet&quot;]}],&quot;_ha_eqh_enable&quot;:false}\">\n\t\t\t\t\t\t<div class=\"elementor-container elementor-column-gap-default\">\n\t\t\t\t\t<div class=\"elementor-column elementor-col-66 elementor-top-column elementor-element elementor-element-7eac28d\" data-id=\"7eac28d\" data-element_type=\"column\" data-e-type=\"column\">\n\t\t\t<div class=\"elementor-widget-wrap elementor-element-populated\">\n\t\t\t\t\t\t<div class=\"elementor-element elementor-element-111dbc9 elementor-widget elementor-widget-text-editor\" data-id=\"111dbc9\" data-element_type=\"widget\" data-e-type=\"widget\" data-widget_type=\"text-editor.default\">\n\t\t\t\t\t\t\t\t\t<p><strong>C<\/strong>ompressed <strong>A<\/strong>ir <strong>F<\/strong>oam <strong>S<\/strong>ystems zijn ondertussen gekend bij Brandweer en Bedrijfsbrandweer. <strong>SomatiFie<\/strong> biedt deze reeds jaren aan en was in Belgi\u00eb de pionier om deze te testen en demonstreren op echte branden.\u00a0<\/p><p>De grotere bluskracht en langere werplengtes van een compressed air foam system, samen met de eenvoudige bediening zijn hier doorslaggevend voor de gebruiker.<\/p><p>Deze premix systemen zijn beschikbaar in standaard volumes, maar ook maatwerk is hier mogelijk. De klant heeft zelf de keuze met welk schuimvormend middel hij wil werken daar dit los staat van de technologie.<\/p><h3>Een compressed air foam system voor elke brandklasse<\/h3><p>Ook een biologisch svm (BerkiCold) kan aangeboden worden dat alle brandklassen afdekt (A,B,C,F en D).<\/p><p>De klant krijgt een <strong><a href=\"https:\/\/www.somatifie.be\/opleidingen\/cafs\/\">opleiding<\/a><\/strong> in gebruik van het compressed air foam system en kan deze toestellen indien gewenst ook zelf hervullen. De basismodellen zijn de 10 en 50L.<\/p>\t\t\t\t\t\t\t\t<\/div>\n\t\t\t\t\t<\/div>\n\t\t<\/div>\n\t\t\t\t<div class=\"elementor-column elementor-col-33 elementor-top-column elementor-element elementor-element-93f8ac0\" data-id=\"93f8ac0\" data-element_type=\"column\" data-e-type=\"column\">\n\t\t\t<div class=\"elementor-widget-wrap elementor-element-populated\">\n\t\t\t\t\t\t<div class=\"elementor-element elementor-element-77657c1 animated-slow elementor-widget elementor-widget-image\" data-id=\"77657c1\" data-element_type=\"widget\" data-e-type=\"widget\" data-settings=\"{&quot;_animation&quot;:&quot;none&quot;,&quot;_animation_delay&quot;:0}\" data-widget_type=\"image.default\">\n\t\t\t\t\t\t\t\t\t\t\t\t\t\t\t\t<a href=\"https:\/\/www.somatifie.be\/wp-content\/uploads\/2021\/12\/SomatiFIE_PES-MicroCAFS.jpg\" data-elementor-open-lightbox=\"yes\" data-elementor-lightbox-title=\"SomatiFIE_PES MicroCAFS\" data-elementor-lightbox-description=\"SomatiFIE PES-MicroCAFS\" data-e-action-hash=\"#elementor-action%3Aaction%3Dlightbox%26settings%3DeyJpZCI6MjExNiwidXJsIjoiaHR0cHM6XC9cL3d3dy5zb21hdGlmaWUuYmVcL3dwLWNvbnRlbnRcL3VwbG9hZHNcLzIwMjFcLzEyXC9Tb21hdGlGSUVfUEVTLU1pY3JvQ0FGUy5qcGcifQ%3D%3D\">\n\t\t\t\t\t\t\t<img fetchpriority=\"high\" decoding=\"async\" width=\"500\" height=\"408\" src=\"https:\/\/www.somatifie.be\/wp-content\/uploads\/2021\/12\/SomatiFIE_PES-MicroCAFS-500x408.jpg\" class=\"attachment-medium size-medium wp-image-2116\" alt=\"Compressed Air Foam System (CAFS)\" srcset=\"https:\/\/www.somatifie.be\/wp-content\/uploads\/2021\/12\/SomatiFIE_PES-MicroCAFS-500x408.jpg 500w, https:\/\/www.somatifie.be\/wp-content\/uploads\/2021\/12\/SomatiFIE_PES-MicroCAFS-1024x835.jpg 1024w, https:\/\/www.somatifie.be\/wp-content\/uploads\/2021\/12\/SomatiFIE_PES-MicroCAFS-768x626.jpg 768w, https:\/\/www.somatifie.be\/wp-content\/uploads\/2021\/12\/SomatiFIE_PES-MicroCAFS-1536x1252.jpg 1536w, https:\/\/www.somatifie.be\/wp-content\/uploads\/2021\/12\/SomatiFIE_PES-MicroCAFS-15x12.jpg 15w, https:\/\/www.somatifie.be\/wp-content\/uploads\/2021\/12\/SomatiFIE_PES-MicroCAFS.jpg 1753w\" sizes=\"(max-width: 500px) 100vw, 500px\" \/>\t\t\t\t\t\t\t\t<\/a>\n\t\t\t\t\t\t\t\t\t\t\t\t\t\t\t<\/div>\n\t\t\t\t\t<\/div>\n\t\t<\/div>\n\t\t\t\t\t<\/div>\n\t\t<\/section>\n\t\t\t\t<section class=\"elementor-section elementor-top-section elementor-element elementor-element-e8e7a81 elementor-section-boxed elementor-section-height-default elementor-section-height-default\" data-id=\"e8e7a81\" data-element_type=\"section\" data-e-type=\"section\" data-settings=\"{&quot;jet_parallax_layout_list&quot;:[{&quot;jet_parallax_layout_image&quot;:{&quot;url&quot;:&quot;&quot;,&quot;id&quot;:&quot;&quot;,&quot;size&quot;:&quot;&quot;},&quot;_id&quot;:&quot;68cda64&quot;,&quot;jet_parallax_layout_image_tablet&quot;:{&quot;url&quot;:&quot;&quot;,&quot;id&quot;:&quot;&quot;,&quot;size&quot;:&quot;&quot;},&quot;jet_parallax_layout_image_mobile&quot;:{&quot;url&quot;:&quot;&quot;,&quot;id&quot;:&quot;&quot;,&quot;size&quot;:&quot;&quot;},&quot;jet_parallax_layout_speed&quot;:{&quot;unit&quot;:&quot;%&quot;,&quot;size&quot;:50,&quot;sizes&quot;:[]},&quot;jet_parallax_layout_type&quot;:&quot;scroll&quot;,&quot;jet_parallax_layout_direction&quot;:&quot;1&quot;,&quot;jet_parallax_layout_fx_direction&quot;:null,&quot;jet_parallax_layout_z_index&quot;:&quot;&quot;,&quot;jet_parallax_layout_bg_x&quot;:50,&quot;jet_parallax_layout_bg_x_tablet&quot;:&quot;&quot;,&quot;jet_parallax_layout_bg_x_mobile&quot;:&quot;&quot;,&quot;jet_parallax_layout_bg_y&quot;:50,&quot;jet_parallax_layout_bg_y_tablet&quot;:&quot;&quot;,&quot;jet_parallax_layout_bg_y_mobile&quot;:&quot;&quot;,&quot;jet_parallax_layout_bg_size&quot;:&quot;auto&quot;,&quot;jet_parallax_layout_bg_size_tablet&quot;:&quot;&quot;,&quot;jet_parallax_layout_bg_size_mobile&quot;:&quot;&quot;,&quot;jet_parallax_layout_animation_prop&quot;:&quot;transform&quot;,&quot;jet_parallax_layout_on&quot;:[&quot;desktop&quot;,&quot;tablet&quot;]}],&quot;background_background&quot;:&quot;classic&quot;,&quot;_ha_eqh_enable&quot;:false}\">\n\t\t\t\t\t\t<div class=\"elementor-container elementor-column-gap-default\">\n\t\t\t\t\t<div class=\"elementor-column elementor-col-50 elementor-top-column elementor-element elementor-element-fe948d7 ctalinken\" data-id=\"fe948d7\" data-element_type=\"column\" data-e-type=\"column\">\n\t\t\t<div class=\"elementor-widget-wrap elementor-element-populated\">\n\t\t\t\t\t\t<div class=\"elementor-element elementor-element-d6aa8b8 elementor-widget elementor-widget-text-editor\" data-id=\"d6aa8b8\" data-element_type=\"widget\" data-e-type=\"widget\" data-widget_type=\"text-editor.default\">\n\t\t\t\t\t\t\t\t\t<p>Leg ons jouw situatie uit.\u00a0<\/p>\t\t\t\t\t\t\t\t<\/div>\n\t\t\t\t<div class=\"elementor-element elementor-element-1334f87 elementor-widget elementor-widget-text-editor\" data-id=\"1334f87\" data-element_type=\"widget\" data-e-type=\"widget\" data-widget_type=\"text-editor.default\">\n\t\t\t\t\t\t\t\t\t<p><span style=\"color: #ffffff;\"><a style=\"color: #ffffff;\" href=\"https:\/\/www.somatifie.be\/contact-automatische-branddetectie-beveiliging\/\">Contacteer ons<\/a>. <\/span>Onze experten in brandbeveiliging nemen jouw project onmiddellijk in handen.<\/p>\t\t\t\t\t\t\t\t<\/div>\n\t\t\t\t\t<\/div>\n\t\t<\/div>\n\t\t\t\t<div class=\"elementor-column elementor-col-50 elementor-top-column elementor-element elementor-element-f514ce6\" data-id=\"f514ce6\" data-element_type=\"column\" data-e-type=\"column\">\n\t\t\t<div class=\"elementor-widget-wrap elementor-element-populated\">\n\t\t\t\t\t\t<div class=\"elementor-element elementor-element-2fd2e79 elementor-button-info elementor-align-center elementor-widget elementor-widget-button\" data-id=\"2fd2e79\" data-element_type=\"widget\" data-e-type=\"widget\" data-widget_type=\"button.default\">\n\t\t\t\t\t\t\t\t\t\t<a class=\"elementor-button elementor-button-link elementor-size-lg elementor-animation-grow\" href=\"https:\/\/www.somatifie.be\/contact-automatische-branddetectie-beveiliging\/\">\n\t\t\t\t\t\t<span class=\"elementor-button-content-wrapper\">\n\t\t\t\t\t\t<span class=\"elementor-button-icon\">\n\t\t\t\t<svg xmlns=\"http:\/\/www.w3.org\/2000\/svg\" xmlns:xlink=\"http:\/\/www.w3.org\/1999\/xlink\" id=\"Layer_1\" x=\"0px\" y=\"0px\" viewBox=\"0 0 510.2 510.2\" style=\"enable-background:new 0 0 510.2 510.2;\" xml:space=\"preserve\"><g>\t<path d=\"M255,510.2C113.2,510.9-3.2,393,0.1,249.1C3.1,112,116.8-1.6,258.4,0C398.2,1.7,513.7,118.1,510,262   C506.5,398.6,393.9,510.8,255,510.2z M31.1,255.4c1.1,128.2,104.8,226.8,227.4,225c118.9-1.8,220.3-98.7,220.4-225.2   C478.9,127,374.4,28,251.4,30C132.3,32,31.9,129,31.1,255.4z\"><\/path><\/g><path d=\"M340.1,425.6l-27.4,14.9c-4.9,2.7-16.7,1.7-17,1.6c-67.3-19.1-124.3-64.6-157.8-126.1c-33.7-61.6-41-134.4-20.5-201.5  c0,0,5.6-10.1,10.5-12.8l27.4-15c10-5.5,26-4.6,35.4,1.9l4,2.9c9.4,6.6,17,21.3,16.7,32.8l-0.8,42.4c-0.2,11.5-8.6,25.5-18.6,30.9  l-18.3,10c-1.2,55.7,27.3,108,74.7,137l18.3-10c10-5.5,26.4-4.9,36.1,1.1l36,22.2c9.7,5.9,18.1,20.3,18.5,31.7l0.2,4.9  C358,406.2,350.1,420.2,340.1,425.6z\"><\/path><path d=\"M269.9,260.9l20,5.8c6.4-22.1-6.1-45.2-28.2-51.8l-5.8,20C266.8,238.2,273.1,249.9,269.9,260.9z\"><\/path><path d=\"M349.9,284.3c16.3-55.3-15.4-113.2-70.6-129.5l-5.8,20c44.1,13,69.5,59.5,56.5,103.6L349.9,284.3z\"><\/path><path d=\"M296.9,94.9l-5.8,20c77.2,22.7,121.6,104,98.9,181.2l20,5.8C436,213.6,385.3,120.9,296.9,94.9z\"><\/path><\/svg>\t\t\t<\/span>\n\t\t\t\t\t\t\t\t\t<span class=\"elementor-button-text\">Contacteer ons<\/span>\n\t\t\t\t\t<\/span>\n\t\t\t\t\t<\/a>\n\t\t\t\t\t\t\t\t<\/div>\n\t\t\t\t\t<\/div>\n\t\t<\/div>\n\t\t\t\t\t<\/div>\n\t\t<\/section>\n\t\t\t\t<\/div>\n\t\t","protected":false},"excerpt":{"rendered":"<p>CAFS Compressed Air Foam Systems zijn ondertussen gekend bij Brandweer en Bedrijfsbrandweer. SomatiFie biedt deze reeds jaren aan en was in Belgi\u00eb de pionier om deze te testen en demonstreren op echte branden.\u00a0 De grotere bluskracht en langere werplengtes van een compressed air foam system, samen met de eenvoudige bediening zijn hier doorslaggevend voor de [&hellip;]<\/p>\n","protected":false},"author":5,"featured_media":2115,"parent":56,"menu_order":40,"comment_status":"closed","ping_status":"closed","template":"","meta":{"_seopress_robots_primary_cat":"","_seopress_titles_title":"Compressed Air Foam System (CAFS) voor bedrijven","_seopress_titles_desc":"Het compressed air foam system heeft een grotere bluskracht en langere werplengte. SomatiFIE geeft je een opleiding en leert je zelf hervullen.","_seopress_robots_index":"","footnotes":""},"class_list":["post-1217","page","type-page","status-publish","has-post-thumbnail","hentry"],"_links":{"self":[{"href":"https:\/\/www.somatifie.be\/fr\/wp-json\/wp\/v2\/pages\/1217","targetHints":{"allow":["GET"]}}],"collection":[{"href":"https:\/\/www.somatifie.be\/fr\/wp-json\/wp\/v2\/pages"}],"about":[{"href":"https:\/\/www.somatifie.be\/fr\/wp-json\/wp\/v2\/types\/page"}],"author":[{"embeddable":true,"href":"https:\/\/www.somatifie.be\/fr\/wp-json\/wp\/v2\/users\/5"}],"replies":[{"embeddable":true,"href":"https:\/\/www.somatifie.be\/fr\/wp-json\/wp\/v2\/comments?post=1217"}],"version-history":[{"count":1,"href":"https:\/\/www.somatifie.be\/fr\/wp-json\/wp\/v2\/pages\/1217\/revisions"}],"predecessor-version":[{"id":7781,"href":"https:\/\/www.somatifie.be\/fr\/wp-json\/wp\/v2\/pages\/1217\/revisions\/7781"}],"up":[{"embeddable":true,"href":"https:\/\/www.somatifie.be\/fr\/wp-json\/wp\/v2\/pages\/56"}],"wp:featuredmedia":[{"embeddable":true,"href":"https:\/\/www.somatifie.be\/fr\/wp-json\/wp\/v2\/media\/2115"}],"wp:attachment":[{"href":"https:\/\/www.somatifie.be\/fr\/wp-json\/wp\/v2\/media?parent=1217"}],"curies":[{"name":"wp","href":"https:\/\/api.w.org\/{rel}","templated":true}]}}