{"id":1309,"date":"2021-10-21T14:30:20","date_gmt":"2021-10-21T14:30:20","guid":{"rendered":"https:\/\/somatifie.test-jou-website.be\/?page_id=1309"},"modified":"2026-02-06T16:52:04","modified_gmt":"2026-02-06T15:52:04","slug":"leading-fire-safety","status":"publish","type":"page","link":"https:\/\/www.somatifie.be\/fr\/somatifie\/securite-incendie\/","title":{"rendered":"La s\u00e9curit\u00e9 incendie en t\u00eate"},"content":{"rendered":"\t\t<div data-elementor-type=\"wp-page\" data-elementor-id=\"1309\" class=\"elementor elementor-1309\" data-elementor-settings=\"{&quot;ha_cmc_init_switcher&quot;:&quot;no&quot;}\" data-elementor-post-type=\"page\">\n\t\t\t\t\t\t<section class=\"elementor-section elementor-top-section elementor-element elementor-element-7e0842e elementor-section-boxed elementor-section-height-default elementor-section-height-default\" data-id=\"7e0842e\" data-element_type=\"section\" data-e-type=\"section\" data-settings=\"{&quot;jet_parallax_layout_list&quot;:[{&quot;jet_parallax_layout_image&quot;:{&quot;url&quot;:&quot;&quot;,&quot;id&quot;:&quot;&quot;,&quot;size&quot;:&quot;&quot;},&quot;_id&quot;:&quot;080ff15&quot;,&quot;jet_parallax_layout_image_tablet&quot;:{&quot;url&quot;:&quot;&quot;,&quot;id&quot;:&quot;&quot;,&quot;size&quot;:&quot;&quot;},&quot;jet_parallax_layout_image_mobile&quot;:{&quot;url&quot;:&quot;&quot;,&quot;id&quot;:&quot;&quot;,&quot;size&quot;:&quot;&quot;},&quot;jet_parallax_layout_speed&quot;:{&quot;unit&quot;:&quot;%&quot;,&quot;size&quot;:50,&quot;sizes&quot;:[]},&quot;jet_parallax_layout_type&quot;:&quot;scroll&quot;,&quot;jet_parallax_layout_direction&quot;:&quot;1&quot;,&quot;jet_parallax_layout_fx_direction&quot;:null,&quot;jet_parallax_layout_z_index&quot;:&quot;&quot;,&quot;jet_parallax_layout_bg_x&quot;:50,&quot;jet_parallax_layout_bg_x_tablet&quot;:&quot;&quot;,&quot;jet_parallax_layout_bg_x_mobile&quot;:&quot;&quot;,&quot;jet_parallax_layout_bg_y&quot;:50,&quot;jet_parallax_layout_bg_y_tablet&quot;:&quot;&quot;,&quot;jet_parallax_layout_bg_y_mobile&quot;:&quot;&quot;,&quot;jet_parallax_layout_bg_size&quot;:&quot;auto&quot;,&quot;jet_parallax_layout_bg_size_tablet&quot;:&quot;&quot;,&quot;jet_parallax_layout_bg_size_mobile&quot;:&quot;&quot;,&quot;jet_parallax_layout_animation_prop&quot;:&quot;transform&quot;,&quot;jet_parallax_layout_on&quot;:[&quot;desktop&quot;,&quot;tablet&quot;]}],&quot;_ha_eqh_enable&quot;:false}\">\n\t\t\t\t\t\t<div class=\"elementor-container elementor-column-gap-default\">\n\t\t\t\t\t<div class=\"elementor-column elementor-col-100 elementor-top-column elementor-element elementor-element-c73d3f5\" data-id=\"c73d3f5\" data-element_type=\"column\" data-e-type=\"column\">\n\t\t\t<div class=\"elementor-widget-wrap elementor-element-populated\">\n\t\t\t\t\t\t<div class=\"elementor-element elementor-element-7e34c78 elementor-widget elementor-widget-heading\" data-id=\"7e34c78\" data-element_type=\"widget\" data-e-type=\"widget\" data-widget_type=\"heading.default\">\n\t\t\t\t\t<h2 class=\"elementor-heading-title elementor-size-default\">Leading Fire Safety<\/h2>\t\t\t\t<\/div>\n\t\t\t\t<div class=\"elementor-element elementor-element-90a0d45 elementor-widget elementor-widget-text-editor\" data-id=\"90a0d45\" data-element_type=\"widget\" data-e-type=\"widget\" data-widget_type=\"text-editor.default\">\n\t\t\t\t\t\t\t\t\t<p><strong>SomatiFIE<\/strong> staat voor <strong>duurzame brandbeveiliging<\/strong> van mens en goed, gepersonaliseerd naar elke specifieke vraag\/behoefte van de klant en steeds met het oog voor het <strong>ecologische aspect<\/strong>.<\/p><p>Elke dag streven we naar optimale <strong>veiligheid en kwaliteit<\/strong>. Voldoen aan alle <strong>normen<\/strong> is voor ons een must. Dit resulteert in het jaarlijks behouden van de <strong>ISO en VCA certificaten<\/strong>.<\/p><p><strong>SomatiFIE<\/strong> kiest bewust voor een relationele klantbenadering, gebaseerd op open communicatie en via een meer-jaren partnership met onze klanten. We zoeken steeds naar een passende oplossing voor <a href=\"https:\/\/www.somatifie.be\/contact\/\"><strong>uw specifieke brandbeveiligingsvragen<\/strong><\/a> en zorgen vanuit onze jarenlange competentie en vakkennis voor het mee laten evolueren en accuraat houden van uw brandveiligheid. We doen dit met grote aandacht voor uw bedrijf, uw medewerkers en de continu\u00efteit van uw activiteiten.<\/p>\t\t\t\t\t\t\t\t<\/div>\n\t\t\t\t\t<\/div>\n\t\t<\/div>\n\t\t\t\t\t<\/div>\n\t\t<\/section>\n\t\t\t\t<\/div>\n\t\t","protected":false},"excerpt":{"rendered":"<p>Leading Fire Safety SomatiFIE staat voor duurzame brandbeveiliging van mens en goed, gepersonaliseerd naar elke specifieke vraag\/behoefte van de klant en steeds met het oog voor het ecologische aspect. Elke dag streven we naar optimale veiligheid en kwaliteit. Voldoen aan alle normen is voor ons een must. Dit resulteert in het jaarlijks behouden van de [&hellip;]<\/p>\n","protected":false},"author":5,"featured_media":1239,"parent":1306,"menu_order":10,"comment_status":"closed","ping_status":"closed","template":"","meta":{"_seopress_robots_primary_cat":"","_seopress_titles_title":"Leading Fire Safety voor bedrijven - SomatiFIE","_seopress_titles_desc":"Somati FIE staat voor duurzame B2B brandbeveiliging van mens en goed, gepersonaliseerd per klant \u00e9n met oog voor het ecologisch aspect!","_seopress_robots_index":"","footnotes":""},"class_list":["post-1309","page","type-page","status-publish","has-post-thumbnail","hentry"],"_links":{"self":[{"href":"https:\/\/www.somatifie.be\/fr\/wp-json\/wp\/v2\/pages\/1309","targetHints":{"allow":["GET"]}}],"collection":[{"href":"https:\/\/www.somatifie.be\/fr\/wp-json\/wp\/v2\/pages"}],"about":[{"href":"https:\/\/www.somatifie.be\/fr\/wp-json\/wp\/v2\/types\/page"}],"author":[{"embeddable":true,"href":"https:\/\/www.somatifie.be\/fr\/wp-json\/wp\/v2\/users\/5"}],"replies":[{"embeddable":true,"href":"https:\/\/www.somatifie.be\/fr\/wp-json\/wp\/v2\/comments?post=1309"}],"version-history":[{"count":3,"href":"https:\/\/www.somatifie.be\/fr\/wp-json\/wp\/v2\/pages\/1309\/revisions"}],"predecessor-version":[{"id":7854,"href":"https:\/\/www.somatifie.be\/fr\/wp-json\/wp\/v2\/pages\/1309\/revisions\/7854"}],"up":[{"embeddable":true,"href":"https:\/\/www.somatifie.be\/fr\/wp-json\/wp\/v2\/pages\/1306"}],"wp:featuredmedia":[{"embeddable":true,"href":"https:\/\/www.somatifie.be\/fr\/wp-json\/wp\/v2\/media\/1239"}],"wp:attachment":[{"href":"https:\/\/www.somatifie.be\/fr\/wp-json\/wp\/v2\/media?parent=1309"}],"curies":[{"name":"wp","href":"https:\/\/api.w.org\/{rel}","templated":true}]}}