{"id":4001,"date":"2022-03-04T08:37:13","date_gmt":"2022-03-04T08:37:13","guid":{"rendered":"https:\/\/somatifie.test-jou-website.be\/?page_id=4001"},"modified":"2026-04-16T13:10:58","modified_gmt":"2026-04-16T11:10:58","slug":"certificaten","status":"publish","type":"page","link":"https:\/\/www.somatifie.be\/fr\/somatifie\/certificats\/","title":{"rendered":"Certificats"},"content":{"rendered":"\t\t<div data-elementor-type=\"wp-page\" data-elementor-id=\"4001\" class=\"elementor elementor-4001\" data-elementor-settings=\"{&quot;ha_cmc_init_switcher&quot;:&quot;no&quot;}\" data-elementor-post-type=\"page\">\n\t\t\t\t\t\t<section class=\"elementor-section elementor-top-section elementor-element elementor-element-7e0842e elementor-section-boxed elementor-section-height-default elementor-section-height-default\" data-id=\"7e0842e\" data-element_type=\"section\" data-e-type=\"section\" data-settings=\"{&quot;jet_parallax_layout_list&quot;:[{&quot;jet_parallax_layout_image&quot;:{&quot;url&quot;:&quot;&quot;,&quot;id&quot;:&quot;&quot;,&quot;size&quot;:&quot;&quot;},&quot;_id&quot;:&quot;080ff15&quot;,&quot;jet_parallax_layout_image_tablet&quot;:{&quot;url&quot;:&quot;&quot;,&quot;id&quot;:&quot;&quot;,&quot;size&quot;:&quot;&quot;},&quot;jet_parallax_layout_image_mobile&quot;:{&quot;url&quot;:&quot;&quot;,&quot;id&quot;:&quot;&quot;,&quot;size&quot;:&quot;&quot;},&quot;jet_parallax_layout_speed&quot;:{&quot;unit&quot;:&quot;%&quot;,&quot;size&quot;:50,&quot;sizes&quot;:[]},&quot;jet_parallax_layout_type&quot;:&quot;scroll&quot;,&quot;jet_parallax_layout_direction&quot;:&quot;1&quot;,&quot;jet_parallax_layout_fx_direction&quot;:null,&quot;jet_parallax_layout_z_index&quot;:&quot;&quot;,&quot;jet_parallax_layout_bg_x&quot;:50,&quot;jet_parallax_layout_bg_x_tablet&quot;:&quot;&quot;,&quot;jet_parallax_layout_bg_x_mobile&quot;:&quot;&quot;,&quot;jet_parallax_layout_bg_y&quot;:50,&quot;jet_parallax_layout_bg_y_tablet&quot;:&quot;&quot;,&quot;jet_parallax_layout_bg_y_mobile&quot;:&quot;&quot;,&quot;jet_parallax_layout_bg_size&quot;:&quot;auto&quot;,&quot;jet_parallax_layout_bg_size_tablet&quot;:&quot;&quot;,&quot;jet_parallax_layout_bg_size_mobile&quot;:&quot;&quot;,&quot;jet_parallax_layout_animation_prop&quot;:&quot;transform&quot;,&quot;jet_parallax_layout_on&quot;:[&quot;desktop&quot;,&quot;tablet&quot;]}],&quot;_ha_eqh_enable&quot;:false}\">\n\t\t\t\t\t\t<div class=\"elementor-container elementor-column-gap-custom\">\n\t\t\t\t\t<div class=\"elementor-column elementor-col-100 elementor-top-column elementor-element elementor-element-c73d3f5\" data-id=\"c73d3f5\" data-element_type=\"column\" data-e-type=\"column\">\n\t\t\t<div class=\"elementor-widget-wrap elementor-element-populated\">\n\t\t\t\t\t\t<div class=\"elementor-element elementor-element-7e34c78 elementor-widget elementor-widget-heading\" data-id=\"7e34c78\" data-element_type=\"widget\" data-e-type=\"widget\" data-widget_type=\"heading.default\">\n\t\t\t\t\t<h2 class=\"elementor-heading-title elementor-size-default\">Certificaten<\/h2>\t\t\t\t<\/div>\n\t\t\t\t<div class=\"elementor-element elementor-element-90a0d45 elementor-widget elementor-widget-text-editor\" data-id=\"90a0d45\" data-element_type=\"widget\" data-e-type=\"widget\" data-widget_type=\"text-editor.default\">\n\t\t\t\t\t\t\t\t\t<p><strong>SomatiFie<\/strong> draagt <strong>kwaliteit en dienstverlening<\/strong> hoog in het vaandel. Hieronder vindt u een overzicht van <strong>onze certificaten<\/strong>.<\/p>\t\t\t\t\t\t\t\t<\/div>\n\t\t\t\t\t<\/div>\n\t\t<\/div>\n\t\t\t\t\t<\/div>\n\t\t<\/section>\n\t\t<div class=\"elementor-element elementor-element-499b2c6 e-grid e-con-boxed e-con e-parent\" data-id=\"499b2c6\" data-element_type=\"container\" data-e-type=\"container\" data-settings=\"{&quot;background_background&quot;:&quot;classic&quot;,&quot;jet_parallax_layout_list&quot;:[],&quot;_ha_eqh_enable&quot;:false}\" data-no-translation=\"\">\n\t\t\t\t\t<div class=\"e-con-inner\">\n\t\t\t\t<div class=\"elementor-element elementor-element-be986df animated-slow elementor-widget elementor-widget-image\" data-id=\"be986df\" data-element_type=\"widget\" data-e-type=\"widget\" data-settings=\"{&quot;_animation&quot;:&quot;none&quot;,&quot;_animation_delay&quot;:0}\" data-widget_type=\"image.default\">\n\t\t\t\t\t\t\t\t\t\t\t\t\t\t\t\t<a href=\"https:\/\/www.somatifie.be\/wp-content\/uploads\/2026\/04\/Certificaat-ISO-9001_2015-geldig-tot-16-12-2028-FR.pdf\" target=\"_blank\">\n\t\t\t\t\t\t\t<img fetchpriority=\"high\" decoding=\"async\" width=\"354\" height=\"500\" src=\"https:\/\/www.somatifie.be\/wp-content\/uploads\/2026\/04\/Certificaat-ISO-9001-2015-geldig-tot-16-12-2028-FR-354x500.jpg\" class=\"attachment-medium size-medium wp-image-8180\" alt=\"Certificaat ISO 9001-2015 geldig tot 16-12-2028 FR\" srcset=\"https:\/\/www.somatifie.be\/wp-content\/uploads\/2026\/04\/Certificaat-ISO-9001-2015-geldig-tot-16-12-2028-FR-354x500.jpg 354w, https:\/\/www.somatifie.be\/wp-content\/uploads\/2026\/04\/Certificaat-ISO-9001-2015-geldig-tot-16-12-2028-FR-8x12.jpg 8w, https:\/\/www.somatifie.be\/wp-content\/uploads\/2026\/04\/Certificaat-ISO-9001-2015-geldig-tot-16-12-2028-FR.jpg 667w\" sizes=\"(max-width: 354px) 100vw, 354px\" \/>\t\t\t\t\t\t\t\t<\/a>\n\t\t\t\t\t\t\t\t\t\t\t\t\t\t\t<\/div>\n\t\t\t\t<div class=\"elementor-element elementor-element-4672a35 animated-slow elementor-widget elementor-widget-image\" data-id=\"4672a35\" data-element_type=\"widget\" data-e-type=\"widget\" data-settings=\"{&quot;_animation&quot;:&quot;none&quot;,&quot;_animation_delay&quot;:0}\" data-widget_type=\"image.default\">\n\t\t\t\t\t\t\t\t\t\t\t\t\t\t\t\t<a href=\"https:\/\/www.somatifie.be\/wp-content\/uploads\/2026\/04\/Somati-06BE987-20-rev.0-FR.pdf\" target=\"_blank\">\n\t\t\t\t\t\t\t<img decoding=\"async\" width=\"353\" height=\"500\" src=\"https:\/\/www.somatifie.be\/wp-content\/uploads\/2026\/04\/Somati-06BE987-20-rev.0-FR-353x500.jpg\" class=\"attachment-medium size-medium wp-image-8178\" alt=\"Somati 06BE987-20 rev.0 FR\" srcset=\"https:\/\/www.somatifie.be\/wp-content\/uploads\/2026\/04\/Somati-06BE987-20-rev.0-FR-353x500.jpg 353w, https:\/\/www.somatifie.be\/wp-content\/uploads\/2026\/04\/Somati-06BE987-20-rev.0-FR-724x1024.jpg 724w, https:\/\/www.somatifie.be\/wp-content\/uploads\/2026\/04\/Somati-06BE987-20-rev.0-FR-768x1086.jpg 768w, https:\/\/www.somatifie.be\/wp-content\/uploads\/2026\/04\/Somati-06BE987-20-rev.0-FR-1086x1536.jpg 1086w, https:\/\/www.somatifie.be\/wp-content\/uploads\/2026\/04\/Somati-06BE987-20-rev.0-FR-1448x2048.jpg 1448w, https:\/\/www.somatifie.be\/wp-content\/uploads\/2026\/04\/Somati-06BE987-20-rev.0-FR-8x12.jpg 8w, https:\/\/www.somatifie.be\/wp-content\/uploads\/2026\/04\/Somati-06BE987-20-rev.0-FR-scaled.jpg 1810w\" sizes=\"(max-width: 353px) 100vw, 353px\" \/>\t\t\t\t\t\t\t\t<\/a>\n\t\t\t\t\t\t\t\t\t\t\t\t\t\t\t<\/div>\n\t\t\t\t<div class=\"elementor-element elementor-element-44bdcd0 animated-slow elementor-widget elementor-widget-image\" data-id=\"44bdcd0\" data-element_type=\"widget\" data-e-type=\"widget\" data-settings=\"{&quot;_animation&quot;:&quot;none&quot;,&quot;_animation_delay&quot;:0}\" data-widget_type=\"image.default\">\n\t\t\t\t\t\t\t\t\t\t\t\t\t\t\t\t<a href=\"https:\/\/www.somatifie.be\/wp-content\/uploads\/2026\/04\/Certificaat-VCA-2017-6.0-geldig-tot-30-04-2026-FR.pdf\" target=\"_blank\">\n\t\t\t\t\t\t\t<img decoding=\"async\" width=\"354\" height=\"500\" src=\"https:\/\/www.somatifie.be\/wp-content\/uploads\/2026\/04\/Certificaat-VCA-2017-6.0-geldig-tot-30-04-2026-FR-354x500.jpg\" class=\"attachment-medium size-medium wp-image-8179\" alt=\"Certificaat VCA 2017-6.0 geldig tot 30-04-2026 FR\" srcset=\"https:\/\/www.somatifie.be\/wp-content\/uploads\/2026\/04\/Certificaat-VCA-2017-6.0-geldig-tot-30-04-2026-FR-354x500.jpg 354w, https:\/\/www.somatifie.be\/wp-content\/uploads\/2026\/04\/Certificaat-VCA-2017-6.0-geldig-tot-30-04-2026-FR-8x12.jpg 8w, https:\/\/www.somatifie.be\/wp-content\/uploads\/2026\/04\/Certificaat-VCA-2017-6.0-geldig-tot-30-04-2026-FR.jpg 667w\" sizes=\"(max-width: 354px) 100vw, 354px\" \/>\t\t\t\t\t\t\t\t<\/a>\n\t\t\t\t\t\t\t\t\t\t\t\t\t\t\t<\/div>\n\t\t\t\t<div class=\"elementor-element elementor-element-7468dc5 animated-slow elementor-widget elementor-widget-image\" data-id=\"7468dc5\" data-element_type=\"widget\" data-e-type=\"widget\" data-settings=\"{&quot;_animation&quot;:&quot;none&quot;,&quot;_animation_delay&quot;:0}\" data-widget_type=\"image.default\">\n\t\t\t\t\t\t\t\t\t\t\t\t\t\t\t\t<a href=\"https:\/\/www.somatifie.be\/wp-content\/uploads\/2026\/04\/Somati-21BE4809-5-rev.0-FR.pdf\" target=\"_blank\">\n\t\t\t\t\t\t\t<img loading=\"lazy\" decoding=\"async\" width=\"353\" height=\"500\" src=\"https:\/\/www.somatifie.be\/wp-content\/uploads\/2026\/04\/Somati-21BE4809-5-rev.0-FR-353x500.jpg\" class=\"attachment-medium size-medium wp-image-8181\" alt=\"Somati 21BE4809-5 rev.0 FR\" srcset=\"https:\/\/www.somatifie.be\/wp-content\/uploads\/2026\/04\/Somati-21BE4809-5-rev.0-FR-353x500.jpg 353w, https:\/\/www.somatifie.be\/wp-content\/uploads\/2026\/04\/Somati-21BE4809-5-rev.0-FR-724x1024.jpg 724w, https:\/\/www.somatifie.be\/wp-content\/uploads\/2026\/04\/Somati-21BE4809-5-rev.0-FR-768x1086.jpg 768w, https:\/\/www.somatifie.be\/wp-content\/uploads\/2026\/04\/Somati-21BE4809-5-rev.0-FR-1086x1536.jpg 1086w, https:\/\/www.somatifie.be\/wp-content\/uploads\/2026\/04\/Somati-21BE4809-5-rev.0-FR-1448x2048.jpg 1448w, https:\/\/www.somatifie.be\/wp-content\/uploads\/2026\/04\/Somati-21BE4809-5-rev.0-FR-8x12.jpg 8w, https:\/\/www.somatifie.be\/wp-content\/uploads\/2026\/04\/Somati-21BE4809-5-rev.0-FR-scaled.jpg 1810w\" sizes=\"(max-width: 353px) 100vw, 353px\" \/>\t\t\t\t\t\t\t\t<\/a>\n\t\t\t\t\t\t\t\t\t\t\t\t\t\t\t<\/div>\n\t\t\t\t<div class=\"elementor-element elementor-element-33ceb36 animated-slow elementor-widget elementor-widget-image\" data-id=\"33ceb36\" data-element_type=\"widget\" data-e-type=\"widget\" data-settings=\"{&quot;_animation&quot;:&quot;none&quot;,&quot;_animation_delay&quot;:0}\" data-widget_type=\"image.default\">\n\t\t\t\t\t\t\t\t\t\t\t\t\t\t\t\t<a href=\"https:\/\/www.somatifie.be\/wp-content\/uploads\/2024\/01\/RSZ-attest-FR-13122023.pdf\" target=\"_blank\">\n\t\t\t\t\t\t\t<img loading=\"lazy\" decoding=\"async\" width=\"353\" height=\"500\" src=\"https:\/\/www.somatifie.be\/wp-content\/uploads\/2024\/01\/RSZ-attest-FR-13122023-353x500.jpg\" class=\"attachment-medium size-medium wp-image-6434\" alt=\"RSZ-attest-FR-13122023-scaled\" srcset=\"https:\/\/www.somatifie.be\/wp-content\/uploads\/2024\/01\/RSZ-attest-FR-13122023-353x500.jpg 353w, https:\/\/www.somatifie.be\/wp-content\/uploads\/2024\/01\/RSZ-attest-FR-13122023-724x1024.jpg 724w, https:\/\/www.somatifie.be\/wp-content\/uploads\/2024\/01\/RSZ-attest-FR-13122023-768x1086.jpg 768w, https:\/\/www.somatifie.be\/wp-content\/uploads\/2024\/01\/RSZ-attest-FR-13122023-1086x1536.jpg 1086w, https:\/\/www.somatifie.be\/wp-content\/uploads\/2024\/01\/RSZ-attest-FR-13122023-1448x2048.jpg 1448w, https:\/\/www.somatifie.be\/wp-content\/uploads\/2024\/01\/RSZ-attest-FR-13122023-8x12.jpg 8w, https:\/\/www.somatifie.be\/wp-content\/uploads\/2024\/01\/RSZ-attest-FR-13122023-scaled.jpg 1810w\" sizes=\"(max-width: 353px) 100vw, 353px\" \/>\t\t\t\t\t\t\t\t<\/a>\n\t\t\t\t\t\t\t\t\t\t\t\t\t\t\t<\/div>\n\t\t\t\t<div class=\"elementor-element elementor-element-89b9912 animated-slow elementor-widget elementor-widget-image\" data-id=\"89b9912\" data-element_type=\"widget\" data-e-type=\"widget\" data-settings=\"{&quot;_animation&quot;:&quot;none&quot;,&quot;_animation_delay&quot;:0}\" data-widget_type=\"image.default\">\n\t\t\t\t\t\t\t\t\t\t\t\t\t\t\t\t<a href=\"https:\/\/www.somatifie.be\/wp-content\/uploads\/2024\/05\/SOMATI_FIE_NV_Scorecard_2024_05_27-overview-FR.pdf\" target=\"_blank\">\n\t\t\t\t\t\t\t<img loading=\"lazy\" decoding=\"async\" width=\"352\" height=\"500\" src=\"https:\/\/www.somatifie.be\/wp-content\/uploads\/2024\/05\/SOMATI-FIE-NV-Scorecard-2024-05-27-overview-FR-352x500.jpg\" class=\"attachment-medium size-medium wp-image-6844\" alt=\"SOMATI-FIE-NV-Scorecard-2024-05-27 overview FR\" srcset=\"https:\/\/www.somatifie.be\/wp-content\/uploads\/2024\/05\/SOMATI-FIE-NV-Scorecard-2024-05-27-overview-FR-352x500.jpg 352w, https:\/\/www.somatifie.be\/wp-content\/uploads\/2024\/05\/SOMATI-FIE-NV-Scorecard-2024-05-27-overview-FR-721x1024.jpg 721w, https:\/\/www.somatifie.be\/wp-content\/uploads\/2024\/05\/SOMATI-FIE-NV-Scorecard-2024-05-27-overview-FR-768x1091.jpg 768w, https:\/\/www.somatifie.be\/wp-content\/uploads\/2024\/05\/SOMATI-FIE-NV-Scorecard-2024-05-27-overview-FR-1082x1536.jpg 1082w, https:\/\/www.somatifie.be\/wp-content\/uploads\/2024\/05\/SOMATI-FIE-NV-Scorecard-2024-05-27-overview-FR-1442x2048.jpg 1442w, https:\/\/www.somatifie.be\/wp-content\/uploads\/2024\/05\/SOMATI-FIE-NV-Scorecard-2024-05-27-overview-FR-8x12.jpg 8w, https:\/\/www.somatifie.be\/wp-content\/uploads\/2024\/05\/SOMATI-FIE-NV-Scorecard-2024-05-27-overview-FR-scaled.jpg 1803w\" sizes=\"(max-width: 352px) 100vw, 352px\" \/>\t\t\t\t\t\t\t\t<\/a>\n\t\t\t\t\t\t\t\t\t\t\t\t\t\t\t<\/div>\n\t\t\t\t\t<\/div>\n\t\t\t\t<\/div>\n\t\t<div class=\"elementor-element elementor-element-f5b33eb e-grid e-con-boxed e-con e-parent\" data-id=\"f5b33eb\" data-element_type=\"container\" data-e-type=\"container\" data-settings=\"{&quot;background_background&quot;:&quot;classic&quot;,&quot;jet_parallax_layout_list&quot;:[],&quot;_ha_eqh_enable&quot;:false}\">\n\t\t\t\t\t<div class=\"e-con-inner\">\n\t\t\t\t<div class=\"elementor-element elementor-element-4b92e4c animated-slow elementor-widget elementor-widget-image\" data-id=\"4b92e4c\" data-element_type=\"widget\" data-e-type=\"widget\" data-settings=\"{&quot;_animation&quot;:&quot;none&quot;,&quot;_animation_delay&quot;:0}\" data-widget_type=\"image.default\">\n\t\t\t\t\t\t\t\t\t\t\t\t\t\t\t<img loading=\"lazy\" decoding=\"async\" width=\"500\" height=\"362\" src=\"https:\/\/www.somatifie.be\/wp-content\/uploads\/2022\/03\/SomatiFIE_KMO-portefeuille-500x362.jpg\" class=\"attachment-medium size-medium wp-image-4004\" alt=\"SomatiFIE KMO-portefeuille-scaled\" srcset=\"https:\/\/www.somatifie.be\/wp-content\/uploads\/2022\/03\/SomatiFIE_KMO-portefeuille-500x362.jpg 500w, https:\/\/www.somatifie.be\/wp-content\/uploads\/2022\/03\/SomatiFIE_KMO-portefeuille-1024x742.jpg 1024w, https:\/\/www.somatifie.be\/wp-content\/uploads\/2022\/03\/SomatiFIE_KMO-portefeuille-768x557.jpg 768w, https:\/\/www.somatifie.be\/wp-content\/uploads\/2022\/03\/SomatiFIE_KMO-portefeuille-1536x1113.jpg 1536w, https:\/\/www.somatifie.be\/wp-content\/uploads\/2022\/03\/SomatiFIE_KMO-portefeuille-2048x1484.jpg 2048w, https:\/\/www.somatifie.be\/wp-content\/uploads\/2022\/03\/SomatiFIE_KMO-portefeuille-18x12.jpg 18w\" sizes=\"(max-width: 500px) 100vw, 500px\" \/>\t\t\t\t\t\t\t\t\t\t\t\t\t\t\t<\/div>\n\t\t<div class=\"elementor-element elementor-element-4452ebd e-con-full e-flex e-con e-child\" data-id=\"4452ebd\" data-element_type=\"container\" data-e-type=\"container\" data-settings=\"{&quot;background_background&quot;:&quot;classic&quot;,&quot;jet_parallax_layout_list&quot;:[],&quot;_ha_eqh_enable&quot;:false}\">\n\t\t\t\t<div class=\"elementor-element elementor-element-f693981 animated-slow elementor-widget elementor-widget-image\" data-id=\"f693981\" data-element_type=\"widget\" data-e-type=\"widget\" data-settings=\"{&quot;_animation&quot;:&quot;none&quot;,&quot;_animation_delay&quot;:0}\" data-widget_type=\"image.default\">\n\t\t\t\t\t\t\t\t\t\t\t\t\t\t\t<img loading=\"lazy\" decoding=\"async\" width=\"500\" height=\"57\" src=\"https:\/\/www.somatifie.be\/wp-content\/uploads\/2022\/03\/Alimento-500x57.png\" class=\"attachment-medium size-medium wp-image-4624\" alt=\"Alimento\" srcset=\"https:\/\/www.somatifie.be\/wp-content\/uploads\/2022\/03\/Alimento-500x57.png 500w, https:\/\/www.somatifie.be\/wp-content\/uploads\/2022\/03\/Alimento-1024x116.png 1024w, https:\/\/www.somatifie.be\/wp-content\/uploads\/2022\/03\/Alimento-768x87.png 768w, https:\/\/www.somatifie.be\/wp-content\/uploads\/2022\/03\/Alimento-1536x174.png 1536w, https:\/\/www.somatifie.be\/wp-content\/uploads\/2022\/03\/Alimento-2048x232.png 2048w, https:\/\/www.somatifie.be\/wp-content\/uploads\/2022\/03\/Alimento-18x2.png 18w\" sizes=\"(max-width: 500px) 100vw, 500px\" \/>\t\t\t\t\t\t\t\t\t\t\t\t\t\t\t<\/div>\n\t\t\t\t<\/div>\n\t\t\t\t\t<\/div>\n\t\t\t\t<\/div>\n\t\t\t\t<\/div>\n\t\t","protected":false},"excerpt":{"rendered":"<p>Les certificats SomatiFie accordent une importance primordiale \u00e0 la qualit\u00e9 et au service. Vous trouverez ci-dessous un aper\u00e7u de nos certificats.<\/p>","protected":false},"author":5,"featured_media":1239,"parent":1306,"menu_order":40,"comment_status":"closed","ping_status":"closed","template":"","meta":{"_seopress_robots_primary_cat":"","_seopress_titles_title":"Ontdek hier alle certificaten van SomatiFIE","_seopress_titles_desc":"SomatiFie staat voor kwaliteit en dienstverlening ten aanzien van bedrijven. Hier vindt u een overzicht van al onze certificaten.","_seopress_robots_index":"","footnotes":""},"class_list":["post-4001","page","type-page","status-publish","has-post-thumbnail","hentry"],"_links":{"self":[{"href":"https:\/\/www.somatifie.be\/fr\/wp-json\/wp\/v2\/pages\/4001","targetHints":{"allow":["GET"]}}],"collection":[{"href":"https:\/\/www.somatifie.be\/fr\/wp-json\/wp\/v2\/pages"}],"about":[{"href":"https:\/\/www.somatifie.be\/fr\/wp-json\/wp\/v2\/types\/page"}],"author":[{"embeddable":true,"href":"https:\/\/www.somatifie.be\/fr\/wp-json\/wp\/v2\/users\/5"}],"replies":[{"embeddable":true,"href":"https:\/\/www.somatifie.be\/fr\/wp-json\/wp\/v2\/comments?post=4001"}],"version-history":[{"count":3,"href":"https:\/\/www.somatifie.be\/fr\/wp-json\/wp\/v2\/pages\/4001\/revisions"}],"predecessor-version":[{"id":8184,"href":"https:\/\/www.somatifie.be\/fr\/wp-json\/wp\/v2\/pages\/4001\/revisions\/8184"}],"up":[{"embeddable":true,"href":"https:\/\/www.somatifie.be\/fr\/wp-json\/wp\/v2\/pages\/1306"}],"wp:featuredmedia":[{"embeddable":true,"href":"https:\/\/www.somatifie.be\/fr\/wp-json\/wp\/v2\/media\/1239"}],"wp:attachment":[{"href":"https:\/\/www.somatifie.be\/fr\/wp-json\/wp\/v2\/media?parent=4001"}],"curies":[{"name":"wp","href":"https:\/\/api.w.org\/{rel}","templated":true}]}}