{"id":4012,"date":"2022-03-04T09:05:02","date_gmt":"2022-03-04T09:05:02","guid":{"rendered":"https:\/\/somatifie.test-jou-website.be\/?page_id=4012"},"modified":"2026-02-06T16:53:37","modified_gmt":"2026-02-06T15:53:37","slug":"historiek","status":"publish","type":"page","link":"https:\/\/www.somatifie.be\/fr\/somatifie\/historique\/","title":{"rendered":"Histoire"},"content":{"rendered":"\t\t<div data-elementor-type=\"wp-page\" data-elementor-id=\"4012\" class=\"elementor elementor-4012\" data-elementor-settings=\"{&quot;ha_cmc_init_switcher&quot;:&quot;no&quot;}\" data-elementor-post-type=\"page\">\n\t\t\t\t\t\t<section class=\"elementor-section elementor-top-section elementor-element elementor-element-7e0842e elementor-section-boxed elementor-section-height-default elementor-section-height-default\" data-id=\"7e0842e\" data-element_type=\"section\" data-e-type=\"section\" data-settings=\"{&quot;jet_parallax_layout_list&quot;:[{&quot;jet_parallax_layout_image&quot;:{&quot;url&quot;:&quot;&quot;,&quot;id&quot;:&quot;&quot;,&quot;size&quot;:&quot;&quot;},&quot;_id&quot;:&quot;080ff15&quot;,&quot;jet_parallax_layout_image_tablet&quot;:{&quot;url&quot;:&quot;&quot;,&quot;id&quot;:&quot;&quot;,&quot;size&quot;:&quot;&quot;},&quot;jet_parallax_layout_image_mobile&quot;:{&quot;url&quot;:&quot;&quot;,&quot;id&quot;:&quot;&quot;,&quot;size&quot;:&quot;&quot;},&quot;jet_parallax_layout_speed&quot;:{&quot;unit&quot;:&quot;%&quot;,&quot;size&quot;:50,&quot;sizes&quot;:[]},&quot;jet_parallax_layout_type&quot;:&quot;scroll&quot;,&quot;jet_parallax_layout_direction&quot;:&quot;1&quot;,&quot;jet_parallax_layout_fx_direction&quot;:null,&quot;jet_parallax_layout_z_index&quot;:&quot;&quot;,&quot;jet_parallax_layout_bg_x&quot;:50,&quot;jet_parallax_layout_bg_x_tablet&quot;:&quot;&quot;,&quot;jet_parallax_layout_bg_x_mobile&quot;:&quot;&quot;,&quot;jet_parallax_layout_bg_y&quot;:50,&quot;jet_parallax_layout_bg_y_tablet&quot;:&quot;&quot;,&quot;jet_parallax_layout_bg_y_mobile&quot;:&quot;&quot;,&quot;jet_parallax_layout_bg_size&quot;:&quot;auto&quot;,&quot;jet_parallax_layout_bg_size_tablet&quot;:&quot;&quot;,&quot;jet_parallax_layout_bg_size_mobile&quot;:&quot;&quot;,&quot;jet_parallax_layout_animation_prop&quot;:&quot;transform&quot;,&quot;jet_parallax_layout_on&quot;:[&quot;desktop&quot;,&quot;tablet&quot;]}],&quot;_ha_eqh_enable&quot;:false}\">\n\t\t\t\t\t\t<div class=\"elementor-container elementor-column-gap-default\">\n\t\t\t\t\t<div class=\"elementor-column elementor-col-100 elementor-top-column elementor-element elementor-element-c73d3f5\" data-id=\"c73d3f5\" data-element_type=\"column\" data-e-type=\"column\">\n\t\t\t<div class=\"elementor-widget-wrap elementor-element-populated\">\n\t\t\t\t\t\t<div class=\"elementor-element elementor-element-d113bcb elementor-widget elementor-widget-text-editor\" data-id=\"d113bcb\" data-element_type=\"widget\" data-e-type=\"widget\" data-widget_type=\"text-editor.default\">\n\t\t\t\t\t\t\t\t\t<p>SomatiFIE nv (<strong>F<\/strong>irst\u00a0<strong>I<\/strong>ntervention\u00a0<strong>E<\/strong>quipment) bestaat sinds september 2008. Het bedrijf maakt deel uit van een internationale groep gespecialiseerd in brandbestrijding 1<sup>e<\/sup>\u00a0interventie.<\/p>\t\t\t\t\t\t\t\t<\/div>\n\t\t\t\t<div class=\"elementor-element elementor-element-de56538 elementor-widget elementor-widget-heading\" data-id=\"de56538\" data-element_type=\"widget\" data-e-type=\"widget\" data-widget_type=\"heading.default\">\n\t\t\t\t\t<h2 class=\"elementor-heading-title elementor-size-default\">Somati: la SOci\u00e9t\u00e9 MAT\u00e9rial Incendie<\/h2>\t\t\t\t<\/div>\n\t\t\t\t<div class=\"elementor-element elementor-element-90a0d45 elementor-widget elementor-widget-text-editor\" data-id=\"90a0d45\" data-element_type=\"widget\" data-e-type=\"widget\" data-widget_type=\"text-editor.default\">\n\t\t\t\t\t\t\t\t\t<p>Het merk \u2018Somati\u2019 (<strong>So<\/strong>ci\u00e9t\u00e9\u00a0<strong>Mat<\/strong>\u00e9rial\u00a0<strong>I<\/strong>ncendie) is opgericht in 1962 door de familie Pelgrims te Brussel.<\/p><p>Gestart in 1962 met de verkoop van en het <a href=\"https:\/\/www.somatifie.be\/onderhoud-diensten\/\">onderhoud<\/a> van draagbare <a href=\"https:\/\/www.somatifie.be\/producten\/brandblussers\/\">brandblussers<\/a>, is Somati in de 21e\u00a0eeuw uitgegroeid tot een ge\u00efntegreerd bedrijf rond <a href=\"https:\/\/www.somatifie.be\/branddetectie-en-brandbeveiliging\/\">brandbeveiliging<\/a>, met veel gerelateerde <a href=\"https:\/\/www.somatifie.be\/producten\/\">producten<\/a> en <a href=\"https:\/\/www.somatifie.be\/onderhoud-diensten\/\">diensten<\/a>. Het productengamma is vervolgens uitgebreid naar sprinkling, brandweerwagens, gasblussing, branddetectie, alarmen, compartimentering, rook- en warmteafvoering, inbraakbeveiliging en camerabewaking, toegangscontrole, \u2026<\/p>\t\t\t\t\t\t\t\t<\/div>\n\t\t\t\t<div class=\"elementor-element elementor-element-a96a02b elementor-widget elementor-widget-heading\" data-id=\"a96a02b\" data-element_type=\"widget\" data-e-type=\"widget\" data-widget_type=\"heading.default\">\n\t\t\t\t\t<h2 class=\"elementor-heading-title elementor-size-default\">Somati FIE: First Intervention Equipment<\/h2>\t\t\t\t<\/div>\n\t\t\t\t<div class=\"elementor-element elementor-element-327205f elementor-widget elementor-widget-text-editor\" data-id=\"327205f\" data-element_type=\"widget\" data-e-type=\"widget\" data-widget_type=\"text-editor.default\">\n\t\t\t\t\t\t\t\t\t<p>De Services afdeling bij Somati had een structuur van Business Units. Zo werkte het departement \u2018FIE\u2019 onder de naam SEI (Eerste Interventie), via Proman (Protection Management) tot Somati Services NV. Na de onafhankelijkheid in 2008 kent SomatiFIE nv naast productverkoop vooral een grote groei als dienstverlener.<\/p><p>Vanaf september 2008 werd de\u00a0<strong>onafhankelijkheid<\/strong> van SomatiFIE nv een instant-succes met een omzet in 2008 van \u20ac 8,5 miljoen tot 2021 van \u20ac 20 miljoen. Het personeelsaantal is in diezelfde periode van 76 medewerkers uitgegroeid tot een team van circa 150 Hero&#8217;s. Jaarlijks zijn er meer dan 10.000 tevreden klanten die gebruik maken van onze dienstverlening.<\/p><p>Steeds wordt de relatie met brand en <a href=\"https:\/\/www.somatifie.be\/branddetectie-en-brandbeveiliging\/\">brandbeveiliging <\/a>gezocht en gewaarborgd, en wordt vanuit de familiale structuur verder gegroeid. Zo is Somati een <strong>sterke speler onder de \u2018brand\u2019merken<\/strong>\u00a0in Belgi\u00eb!<\/p>\t\t\t\t\t\t\t\t<\/div>\n\t\t\t\t\t<\/div>\n\t\t<\/div>\n\t\t\t\t\t<\/div>\n\t\t<\/section>\n\t\t\t\t<\/div>\n\t\t","protected":false},"excerpt":{"rendered":"<p>SomatiFIE nv (First\u00a0Intervention\u00a0Equipment) bestaat sinds september 2008. Het bedrijf maakt deel uit van een internationale groep gespecialiseerd in brandbestrijding 1e\u00a0interventie. Somati: la SOci\u00e9t\u00e9 MAT\u00e9rial Incendie Het merk \u2018Somati\u2019 (Soci\u00e9t\u00e9\u00a0Mat\u00e9rial\u00a0Incendie) is opgericht in 1962 door de familie Pelgrims te Brussel. Gestart in 1962 met de verkoop van en het onderhoud van draagbare brandblussers, is Somati in [&hellip;]<\/p>\n","protected":false},"author":5,"featured_media":1239,"parent":1306,"menu_order":50,"comment_status":"closed","ping_status":"closed","template":"","meta":{"_seopress_robots_primary_cat":"","_seopress_titles_title":"De historiek van Somati en SomatiFIE","_seopress_titles_desc":"Somati: sinds 1962 gespecialiseerd in brandbestrijding, blusmiddelen, branddetectie en veel meer. D\u00e9 experten waaruit SomatiFIE ontstond.","_seopress_robots_index":"","footnotes":""},"class_list":["post-4012","page","type-page","status-publish","has-post-thumbnail","hentry"],"_links":{"self":[{"href":"https:\/\/www.somatifie.be\/fr\/wp-json\/wp\/v2\/pages\/4012","targetHints":{"allow":["GET"]}}],"collection":[{"href":"https:\/\/www.somatifie.be\/fr\/wp-json\/wp\/v2\/pages"}],"about":[{"href":"https:\/\/www.somatifie.be\/fr\/wp-json\/wp\/v2\/types\/page"}],"author":[{"embeddable":true,"href":"https:\/\/www.somatifie.be\/fr\/wp-json\/wp\/v2\/users\/5"}],"replies":[{"embeddable":true,"href":"https:\/\/www.somatifie.be\/fr\/wp-json\/wp\/v2\/comments?post=4012"}],"version-history":[{"count":3,"href":"https:\/\/www.somatifie.be\/fr\/wp-json\/wp\/v2\/pages\/4012\/revisions"}],"predecessor-version":[{"id":7860,"href":"https:\/\/www.somatifie.be\/fr\/wp-json\/wp\/v2\/pages\/4012\/revisions\/7860"}],"up":[{"embeddable":true,"href":"https:\/\/www.somatifie.be\/fr\/wp-json\/wp\/v2\/pages\/1306"}],"wp:featuredmedia":[{"embeddable":true,"href":"https:\/\/www.somatifie.be\/fr\/wp-json\/wp\/v2\/media\/1239"}],"wp:attachment":[{"href":"https:\/\/www.somatifie.be\/fr\/wp-json\/wp\/v2\/media?parent=4012"}],"curies":[{"name":"wp","href":"https:\/\/api.w.org\/{rel}","templated":true}]}}