{"id":416,"date":"2021-09-08T10:55:05","date_gmt":"2021-09-08T10:55:05","guid":{"rendered":"https:\/\/somatifie.test-jou-website.be\/?page_id=416"},"modified":"2025-11-27T10:50:38","modified_gmt":"2025-11-27T09:50:38","slug":"inventarisatie","status":"publish","type":"page","link":"https:\/\/www.somatifie.be\/fr\/entretien-et-services\/inventarisation\/","title":{"rendered":"L'inventarisation"},"content":{"rendered":"\t\t<div data-elementor-type=\"wp-page\" data-elementor-id=\"416\" class=\"elementor elementor-416\" data-elementor-settings=\"{&quot;ha_cmc_init_switcher&quot;:&quot;no&quot;}\" data-elementor-post-type=\"page\">\n\t\t\t\t\t\t<section class=\"elementor-section elementor-top-section elementor-element elementor-element-9683a13 elementor-section-boxed elementor-section-height-default elementor-section-height-default\" data-id=\"9683a13\" data-element_type=\"section\" data-e-type=\"section\" data-settings=\"{&quot;jet_parallax_layout_list&quot;:[{&quot;jet_parallax_layout_image&quot;:{&quot;url&quot;:&quot;&quot;,&quot;id&quot;:&quot;&quot;,&quot;size&quot;:&quot;&quot;},&quot;_id&quot;:&quot;688e6b0&quot;,&quot;jet_parallax_layout_image_tablet&quot;:{&quot;url&quot;:&quot;&quot;,&quot;id&quot;:&quot;&quot;,&quot;size&quot;:&quot;&quot;},&quot;jet_parallax_layout_image_mobile&quot;:{&quot;url&quot;:&quot;&quot;,&quot;id&quot;:&quot;&quot;,&quot;size&quot;:&quot;&quot;},&quot;jet_parallax_layout_speed&quot;:{&quot;unit&quot;:&quot;%&quot;,&quot;size&quot;:50,&quot;sizes&quot;:[]},&quot;jet_parallax_layout_type&quot;:&quot;scroll&quot;,&quot;jet_parallax_layout_direction&quot;:&quot;1&quot;,&quot;jet_parallax_layout_fx_direction&quot;:null,&quot;jet_parallax_layout_z_index&quot;:&quot;&quot;,&quot;jet_parallax_layout_bg_x&quot;:50,&quot;jet_parallax_layout_bg_x_tablet&quot;:&quot;&quot;,&quot;jet_parallax_layout_bg_x_mobile&quot;:&quot;&quot;,&quot;jet_parallax_layout_bg_y&quot;:50,&quot;jet_parallax_layout_bg_y_tablet&quot;:&quot;&quot;,&quot;jet_parallax_layout_bg_y_mobile&quot;:&quot;&quot;,&quot;jet_parallax_layout_bg_size&quot;:&quot;auto&quot;,&quot;jet_parallax_layout_bg_size_tablet&quot;:&quot;&quot;,&quot;jet_parallax_layout_bg_size_mobile&quot;:&quot;&quot;,&quot;jet_parallax_layout_animation_prop&quot;:&quot;transform&quot;,&quot;jet_parallax_layout_on&quot;:[&quot;desktop&quot;,&quot;tablet&quot;]}],&quot;_ha_eqh_enable&quot;:false}\">\n\t\t\t\t\t\t<div class=\"elementor-container elementor-column-gap-default\">\n\t\t\t\t\t<div class=\"elementor-column elementor-col-100 elementor-top-column elementor-element elementor-element-cd0f466\" data-id=\"cd0f466\" data-element_type=\"column\" data-e-type=\"column\">\n\t\t\t<div class=\"elementor-widget-wrap elementor-element-populated\">\n\t\t\t\t\t\t<div class=\"elementor-element elementor-element-e310168 elementor-widget elementor-widget-heading\" data-id=\"e310168\" data-element_type=\"widget\" data-e-type=\"widget\" data-widget_type=\"heading.default\">\n\t\t\t\t\t<h2 class=\"elementor-heading-title elementor-size-default\">Inventarisatie<\/h2>\t\t\t\t<\/div>\n\t\t\t\t\t<\/div>\n\t\t<\/div>\n\t\t\t\t\t<\/div>\n\t\t<\/section>\n\t\t\t\t<section class=\"elementor-section elementor-top-section elementor-element elementor-element-0140924 elementor-section-boxed elementor-section-height-default elementor-section-height-default\" data-id=\"0140924\" data-element_type=\"section\" data-e-type=\"section\" data-settings=\"{&quot;jet_parallax_layout_list&quot;:[{&quot;jet_parallax_layout_image&quot;:{&quot;url&quot;:&quot;&quot;,&quot;id&quot;:&quot;&quot;,&quot;size&quot;:&quot;&quot;},&quot;_id&quot;:&quot;074db35&quot;,&quot;jet_parallax_layout_image_tablet&quot;:{&quot;url&quot;:&quot;&quot;,&quot;id&quot;:&quot;&quot;,&quot;size&quot;:&quot;&quot;},&quot;jet_parallax_layout_image_mobile&quot;:{&quot;url&quot;:&quot;&quot;,&quot;id&quot;:&quot;&quot;,&quot;size&quot;:&quot;&quot;},&quot;jet_parallax_layout_speed&quot;:{&quot;unit&quot;:&quot;%&quot;,&quot;size&quot;:50,&quot;sizes&quot;:[]},&quot;jet_parallax_layout_type&quot;:&quot;scroll&quot;,&quot;jet_parallax_layout_direction&quot;:&quot;1&quot;,&quot;jet_parallax_layout_fx_direction&quot;:null,&quot;jet_parallax_layout_z_index&quot;:&quot;&quot;,&quot;jet_parallax_layout_bg_x&quot;:50,&quot;jet_parallax_layout_bg_x_tablet&quot;:&quot;&quot;,&quot;jet_parallax_layout_bg_x_mobile&quot;:&quot;&quot;,&quot;jet_parallax_layout_bg_y&quot;:50,&quot;jet_parallax_layout_bg_y_tablet&quot;:&quot;&quot;,&quot;jet_parallax_layout_bg_y_mobile&quot;:&quot;&quot;,&quot;jet_parallax_layout_bg_size&quot;:&quot;auto&quot;,&quot;jet_parallax_layout_bg_size_tablet&quot;:&quot;&quot;,&quot;jet_parallax_layout_bg_size_mobile&quot;:&quot;&quot;,&quot;jet_parallax_layout_animation_prop&quot;:&quot;transform&quot;,&quot;jet_parallax_layout_on&quot;:[&quot;desktop&quot;,&quot;tablet&quot;]}],&quot;_ha_eqh_enable&quot;:false}\">\n\t\t\t\t\t\t<div class=\"elementor-container elementor-column-gap-default\">\n\t\t\t\t\t<div class=\"elementor-column elementor-col-66 elementor-top-column elementor-element elementor-element-f275277\" data-id=\"f275277\" data-element_type=\"column\" data-e-type=\"column\">\n\t\t\t<div class=\"elementor-widget-wrap elementor-element-populated\">\n\t\t\t\t\t\t<div class=\"elementor-element elementor-element-1841868 elementor-widget elementor-widget-text-editor\" data-id=\"1841868\" data-element_type=\"widget\" data-e-type=\"widget\" data-widget_type=\"text-editor.default\">\n\t\t\t\t\t\t\t\t\t<ul><li>Ieder object krijgt een label met een unieke barcode<\/li><li>Deze barcode wordt dan gelinkt aan een plaats in jouw gebouw<\/li><li>Met een draagbaar scantoestel registreren we deze code<\/li><li>Zo krijgt je per gebouw een volledig overzicht van al jouw eerste interventiemiddelen<\/li><\/ul>\t\t\t\t\t\t\t\t<\/div>\n\t\t\t\t\t<\/div>\n\t\t<\/div>\n\t\t\t\t<div class=\"elementor-column elementor-col-33 elementor-top-column elementor-element elementor-element-275d255\" data-id=\"275d255\" data-element_type=\"column\" data-e-type=\"column\">\n\t\t\t<div class=\"elementor-widget-wrap elementor-element-populated\">\n\t\t\t\t\t\t<div class=\"elementor-element elementor-element-2c89ddd elementor-widget elementor-widget-image\" data-id=\"2c89ddd\" data-element_type=\"widget\" data-e-type=\"widget\" data-widget_type=\"image.default\">\n\t\t\t\t\t\t\t\t\t\t\t\t\t\t\t\t<a href=\"https:\/\/www.somatifie.be\/wp-content\/uploads\/2021\/09\/BarcodeLabel.jpg\" data-elementor-open-lightbox=\"yes\" data-elementor-lightbox-title=\"BarcodeLabel\" data-elementor-lightbox-description=\"BarcodeLabel\" data-e-action-hash=\"#elementor-action%3Aaction%3Dlightbox%26settings%3DeyJpZCI6NDg0LCJ1cmwiOiJodHRwczpcL1wvd3d3LnNvbWF0aWZpZS5iZVwvd3AtY29udGVudFwvdXBsb2Fkc1wvMjAyMVwvMDlcL0JhcmNvZGVMYWJlbC5qcGcifQ%3D%3D\">\n\t\t\t\t\t\t\t<img fetchpriority=\"high\" decoding=\"async\" width=\"594\" height=\"417\" src=\"https:\/\/www.somatifie.be\/wp-content\/uploads\/2021\/09\/BarcodeLabel.jpg\" class=\"attachment-full size-full wp-image-484\" alt=\"BarcodeLabel\" srcset=\"https:\/\/www.somatifie.be\/wp-content\/uploads\/2021\/09\/BarcodeLabel.jpg 594w, https:\/\/www.somatifie.be\/wp-content\/uploads\/2021\/09\/BarcodeLabel-500x351.jpg 500w\" sizes=\"(max-width: 594px) 100vw, 594px\" \/>\t\t\t\t\t\t\t\t<\/a>\n\t\t\t\t\t\t\t\t\t\t\t\t\t\t\t<\/div>\n\t\t\t\t\t<\/div>\n\t\t<\/div>\n\t\t\t\t\t<\/div>\n\t\t<\/section>\n\t\t\t\t<section class=\"elementor-section elementor-top-section elementor-element elementor-element-4e052c0 elementor-section-boxed elementor-section-height-default elementor-section-height-default\" data-id=\"4e052c0\" data-element_type=\"section\" data-e-type=\"section\" data-settings=\"{&quot;jet_parallax_layout_list&quot;:[],&quot;_ha_eqh_enable&quot;:false}\">\n\t\t\t\t\t\t<div class=\"elementor-container elementor-column-gap-default\">\n\t\t\t\t\t<div class=\"elementor-column elementor-col-100 elementor-top-column elementor-element elementor-element-f3c1328\" data-id=\"f3c1328\" data-element_type=\"column\" data-e-type=\"column\">\n\t\t\t<div class=\"elementor-widget-wrap elementor-element-populated\">\n\t\t\t\t\t\t<div class=\"elementor-element elementor-element-f7cb9fe elementor-widget elementor-widget-template\" data-id=\"f7cb9fe\" data-element_type=\"widget\" data-e-type=\"widget\" data-widget_type=\"template.default\">\n\t\t\t\t<div class=\"elementor-widget-container\">\n\t\t\t\t\t\t\t<div class=\"elementor-template\">\n\t\t\t\t\t<div data-elementor-type=\"section\" data-elementor-id=\"4468\" class=\"elementor elementor-4468\" data-elementor-settings=\"{&quot;ha_cmc_init_switcher&quot;:&quot;no&quot;}\" data-elementor-post-type=\"elementor_library\">\n\t\t\t\t\t<section class=\"elementor-section elementor-top-section elementor-element elementor-element-4c627c17 elementor-section-boxed elementor-section-height-default elementor-section-height-default\" data-id=\"4c627c17\" data-element_type=\"section\" data-e-type=\"section\" data-settings=\"{&quot;jet_parallax_layout_list&quot;:[{&quot;jet_parallax_layout_image&quot;:{&quot;url&quot;:&quot;&quot;,&quot;id&quot;:&quot;&quot;,&quot;size&quot;:&quot;&quot;},&quot;_id&quot;:&quot;68cda64&quot;,&quot;jet_parallax_layout_image_tablet&quot;:{&quot;url&quot;:&quot;&quot;,&quot;id&quot;:&quot;&quot;,&quot;size&quot;:&quot;&quot;},&quot;jet_parallax_layout_image_mobile&quot;:{&quot;url&quot;:&quot;&quot;,&quot;id&quot;:&quot;&quot;,&quot;size&quot;:&quot;&quot;},&quot;jet_parallax_layout_speed&quot;:{&quot;unit&quot;:&quot;%&quot;,&quot;size&quot;:50,&quot;sizes&quot;:[]},&quot;jet_parallax_layout_type&quot;:&quot;scroll&quot;,&quot;jet_parallax_layout_direction&quot;:&quot;1&quot;,&quot;jet_parallax_layout_fx_direction&quot;:null,&quot;jet_parallax_layout_z_index&quot;:&quot;&quot;,&quot;jet_parallax_layout_bg_x&quot;:50,&quot;jet_parallax_layout_bg_x_tablet&quot;:&quot;&quot;,&quot;jet_parallax_layout_bg_x_mobile&quot;:&quot;&quot;,&quot;jet_parallax_layout_bg_y&quot;:50,&quot;jet_parallax_layout_bg_y_tablet&quot;:&quot;&quot;,&quot;jet_parallax_layout_bg_y_mobile&quot;:&quot;&quot;,&quot;jet_parallax_layout_bg_size&quot;:&quot;auto&quot;,&quot;jet_parallax_layout_bg_size_tablet&quot;:&quot;&quot;,&quot;jet_parallax_layout_bg_size_mobile&quot;:&quot;&quot;,&quot;jet_parallax_layout_animation_prop&quot;:&quot;transform&quot;,&quot;jet_parallax_layout_on&quot;:[&quot;desktop&quot;,&quot;tablet&quot;]}],&quot;background_background&quot;:&quot;classic&quot;,&quot;_ha_eqh_enable&quot;:false}\">\n\t\t\t\t\t\t<div class=\"elementor-container elementor-column-gap-default\">\n\t\t\t\t\t<div class=\"elementor-column elementor-col-50 elementor-top-column elementor-element elementor-element-3714902 ctalinken\" data-id=\"3714902\" data-element_type=\"column\" data-e-type=\"column\" data-settings=\"{&quot;background_background&quot;:&quot;classic&quot;}\">\n\t\t\t<div class=\"elementor-widget-wrap elementor-element-populated\">\n\t\t\t\t\t\t<div class=\"elementor-element elementor-element-100984c5 elementor-widget elementor-widget-text-editor\" data-id=\"100984c5\" data-element_type=\"widget\" data-e-type=\"widget\" data-widget_type=\"text-editor.default\">\n\t\t\t\t\t\t\t\t\t<p>Vragen over brandveiligheid of tijd voor een onderhoud?<\/p>\t\t\t\t\t\t\t\t<\/div>\n\t\t\t\t<div class=\"elementor-element elementor-element-49511cc4 elementor-widget elementor-widget-text-editor\" data-id=\"49511cc4\" data-element_type=\"widget\" data-e-type=\"widget\" data-widget_type=\"text-editor.default\">\n\t\t\t\t\t\t\t\t\t<p><a href=\"https:\/\/www.somatifie.be\/contact\/\">Contacteer ons<\/a> dan vandaag nog.<\/p>\t\t\t\t\t\t\t\t<\/div>\n\t\t\t\t\t<\/div>\n\t\t<\/div>\n\t\t\t\t<div class=\"elementor-column elementor-col-50 elementor-top-column elementor-element elementor-element-234b28ea\" data-id=\"234b28ea\" data-element_type=\"column\" data-e-type=\"column\">\n\t\t\t<div class=\"elementor-widget-wrap elementor-element-populated\">\n\t\t\t\t\t\t<div class=\"elementor-element elementor-element-4e1d40b0 elementor-button-info elementor-align-center elementor-widget elementor-widget-button\" data-id=\"4e1d40b0\" data-element_type=\"widget\" data-e-type=\"widget\" data-widget_type=\"button.default\">\n\t\t\t\t\t\t\t\t\t\t<a class=\"elementor-button elementor-button-link elementor-size-lg elementor-animation-grow\" href=\"https:\/\/www.somatifie.be\/contact\/\">\n\t\t\t\t\t\t<span class=\"elementor-button-content-wrapper\">\n\t\t\t\t\t\t<span class=\"elementor-button-icon\">\n\t\t\t\t<svg xmlns=\"http:\/\/www.w3.org\/2000\/svg\" xmlns:xlink=\"http:\/\/www.w3.org\/1999\/xlink\" id=\"Layer_1\" x=\"0px\" y=\"0px\" viewBox=\"0 0 510.2 510.2\" style=\"enable-background:new 0 0 510.2 510.2;\" xml:space=\"preserve\"><g>\t<path d=\"M255,510.2C113.2,510.9-3.2,393,0.1,249.1C3.1,112,116.8-1.6,258.4,0C398.2,1.7,513.7,118.1,510,262   C506.5,398.6,393.9,510.8,255,510.2z M31.1,255.4c1.1,128.2,104.8,226.8,227.4,225c118.9-1.8,220.3-98.7,220.4-225.2   C478.9,127,374.4,28,251.4,30C132.3,32,31.9,129,31.1,255.4z\"><\/path><\/g><path d=\"M340.1,425.6l-27.4,14.9c-4.9,2.7-16.7,1.7-17,1.6c-67.3-19.1-124.3-64.6-157.8-126.1c-33.7-61.6-41-134.4-20.5-201.5  c0,0,5.6-10.1,10.5-12.8l27.4-15c10-5.5,26-4.6,35.4,1.9l4,2.9c9.4,6.6,17,21.3,16.7,32.8l-0.8,42.4c-0.2,11.5-8.6,25.5-18.6,30.9  l-18.3,10c-1.2,55.7,27.3,108,74.7,137l18.3-10c10-5.5,26.4-4.9,36.1,1.1l36,22.2c9.7,5.9,18.1,20.3,18.5,31.7l0.2,4.9  C358,406.2,350.1,420.2,340.1,425.6z\"><\/path><path d=\"M269.9,260.9l20,5.8c6.4-22.1-6.1-45.2-28.2-51.8l-5.8,20C266.8,238.2,273.1,249.9,269.9,260.9z\"><\/path><path d=\"M349.9,284.3c16.3-55.3-15.4-113.2-70.6-129.5l-5.8,20c44.1,13,69.5,59.5,56.5,103.6L349.9,284.3z\"><\/path><path d=\"M296.9,94.9l-5.8,20c77.2,22.7,121.6,104,98.9,181.2l20,5.8C436,213.6,385.3,120.9,296.9,94.9z\"><\/path><\/svg>\t\t\t<\/span>\n\t\t\t\t\t\t\t\t\t<span class=\"elementor-button-text\">Contacteer ons<\/span>\n\t\t\t\t\t<\/span>\n\t\t\t\t\t<\/a>\n\t\t\t\t\t\t\t\t<\/div>\n\t\t\t\t\t<\/div>\n\t\t<\/div>\n\t\t\t\t\t<\/div>\n\t\t<\/section>\n\t\t\t\t<\/div>\n\t\t\t\t<\/div>\n\t\t\t\t\t\t<\/div>\n\t\t\t\t<\/div>\n\t\t\t\t\t<\/div>\n\t\t<\/div>\n\t\t\t\t\t<\/div>\n\t\t<\/section>\n\t\t\t\t<\/div>\n\t\t","protected":false},"excerpt":{"rendered":"<p>Inventaire Chaque objet re\u00e7oit une \u00e9tiquette avec un code-barres unique Ce code-barres est ensuite associ\u00e9 \u00e0 un emplacement dans votre b\u00e2timent Gr\u00e2ce \u00e0 un dispositif de lecture portable, nous enregistrons ce code Vous obtenez ainsi une vue d'ensemble compl\u00e8te de toutes vos ressources de premi\u00e8re intervention par b\u00e2timent<\/p>","protected":false},"author":5,"featured_media":1890,"parent":54,"menu_order":10,"comment_status":"closed","ping_status":"closed","template":"","meta":{"_seopress_robots_primary_cat":"","_seopress_titles_title":"Brandveiligheid begint met inventarisatie | B2B | SomatiFIE","_seopress_titles_desc":"Brandveiligheid begint met inventarisatie van jouw materiaal voor brandbestrijding. Wat heb je in huis en is het in orde? Boek jouw onderhoud.","_seopress_robots_index":"","footnotes":""},"class_list":["post-416","page","type-page","status-publish","has-post-thumbnail","hentry"],"_links":{"self":[{"href":"https:\/\/www.somatifie.be\/fr\/wp-json\/wp\/v2\/pages\/416","targetHints":{"allow":["GET"]}}],"collection":[{"href":"https:\/\/www.somatifie.be\/fr\/wp-json\/wp\/v2\/pages"}],"about":[{"href":"https:\/\/www.somatifie.be\/fr\/wp-json\/wp\/v2\/types\/page"}],"author":[{"embeddable":true,"href":"https:\/\/www.somatifie.be\/fr\/wp-json\/wp\/v2\/users\/5"}],"replies":[{"embeddable":true,"href":"https:\/\/www.somatifie.be\/fr\/wp-json\/wp\/v2\/comments?post=416"}],"version-history":[{"count":1,"href":"https:\/\/www.somatifie.be\/fr\/wp-json\/wp\/v2\/pages\/416\/revisions"}],"predecessor-version":[{"id":7769,"href":"https:\/\/www.somatifie.be\/fr\/wp-json\/wp\/v2\/pages\/416\/revisions\/7769"}],"up":[{"embeddable":true,"href":"https:\/\/www.somatifie.be\/fr\/wp-json\/wp\/v2\/pages\/54"}],"wp:featuredmedia":[{"embeddable":true,"href":"https:\/\/www.somatifie.be\/fr\/wp-json\/wp\/v2\/media\/1890"}],"wp:attachment":[{"href":"https:\/\/www.somatifie.be\/fr\/wp-json\/wp\/v2\/media?parent=416"}],"curies":[{"name":"wp","href":"https:\/\/api.w.org\/{rel}","templated":true}]}}