{"id":4777,"date":"2022-04-14T08:10:47","date_gmt":"2022-04-14T08:10:47","guid":{"rendered":"https:\/\/somatifie.test-jou-website.be\/?page_id=4777"},"modified":"2026-02-26T10:26:22","modified_gmt":"2026-02-26T09:26:22","slug":"digitale-brochure-brandveiligheid","status":"publish","type":"page","link":"https:\/\/www.somatifie.be\/fr\/entretien-et-services\/brochure-numerique-sur-la-securite-incendie\/","title":{"rendered":"Brochure num\u00e9rique sur la s\u00e9curit\u00e9 incendie"},"content":{"rendered":"\t\t<div data-elementor-type=\"wp-page\" data-elementor-id=\"4777\" class=\"elementor elementor-4777\" data-elementor-settings=\"{&quot;ha_cmc_init_switcher&quot;:&quot;no&quot;}\" data-elementor-post-type=\"page\">\n\t\t\t\t\t\t<section class=\"elementor-section elementor-top-section elementor-element elementor-element-f211503 elementor-section-boxed elementor-section-height-default elementor-section-height-default\" data-id=\"f211503\" data-element_type=\"section\" data-e-type=\"section\" data-settings=\"{&quot;jet_parallax_layout_list&quot;:[{&quot;jet_parallax_layout_image&quot;:{&quot;url&quot;:&quot;&quot;,&quot;id&quot;:&quot;&quot;,&quot;size&quot;:&quot;&quot;},&quot;_id&quot;:&quot;88bd5cf&quot;,&quot;jet_parallax_layout_image_tablet&quot;:{&quot;url&quot;:&quot;&quot;,&quot;id&quot;:&quot;&quot;,&quot;size&quot;:&quot;&quot;},&quot;jet_parallax_layout_image_mobile&quot;:{&quot;url&quot;:&quot;&quot;,&quot;id&quot;:&quot;&quot;,&quot;size&quot;:&quot;&quot;},&quot;jet_parallax_layout_speed&quot;:{&quot;unit&quot;:&quot;%&quot;,&quot;size&quot;:50,&quot;sizes&quot;:[]},&quot;jet_parallax_layout_type&quot;:&quot;scroll&quot;,&quot;jet_parallax_layout_direction&quot;:&quot;1&quot;,&quot;jet_parallax_layout_fx_direction&quot;:null,&quot;jet_parallax_layout_z_index&quot;:&quot;&quot;,&quot;jet_parallax_layout_bg_x&quot;:50,&quot;jet_parallax_layout_bg_x_tablet&quot;:&quot;&quot;,&quot;jet_parallax_layout_bg_x_mobile&quot;:&quot;&quot;,&quot;jet_parallax_layout_bg_y&quot;:50,&quot;jet_parallax_layout_bg_y_tablet&quot;:&quot;&quot;,&quot;jet_parallax_layout_bg_y_mobile&quot;:&quot;&quot;,&quot;jet_parallax_layout_bg_size&quot;:&quot;auto&quot;,&quot;jet_parallax_layout_bg_size_tablet&quot;:&quot;&quot;,&quot;jet_parallax_layout_bg_size_mobile&quot;:&quot;&quot;,&quot;jet_parallax_layout_animation_prop&quot;:&quot;transform&quot;,&quot;jet_parallax_layout_on&quot;:[&quot;desktop&quot;,&quot;tablet&quot;]}],&quot;_ha_eqh_enable&quot;:false}\">\n\t\t\t\t\t\t<div class=\"elementor-container elementor-column-gap-default\">\n\t\t\t\t\t<div class=\"elementor-column elementor-col-100 elementor-top-column elementor-element elementor-element-4a9b687\" data-id=\"4a9b687\" data-element_type=\"column\" data-e-type=\"column\">\n\t\t\t<div class=\"elementor-widget-wrap elementor-element-populated\">\n\t\t\t\t\t\t<div class=\"elementor-element elementor-element-bb334c2 elementor-widget elementor-widget-heading\" data-id=\"bb334c2\" data-element_type=\"widget\" data-e-type=\"widget\" data-widget_type=\"heading.default\">\n\t\t\t\t\t<h2 class=\"elementor-heading-title elementor-size-default\">Basisnormen brandveiligheid<\/h2>\t\t\t\t<\/div>\n\t\t\t\t<div class=\"elementor-element elementor-element-dd4ac55 elementor-widget elementor-widget-text-editor\" data-id=\"dd4ac55\" data-element_type=\"widget\" data-e-type=\"widget\" data-widget_type=\"text-editor.default\">\n\t\t\t\t\t\t\t\t\t<p>Bekijk hier onze digitale brochure over brandveiligheid voor meer informatie.<\/p>\t\t\t\t\t\t\t\t<\/div>\n\t\t\t\t\t<\/div>\n\t\t<\/div>\n\t\t\t\t\t<\/div>\n\t\t<\/section>\n\t\t\t\t<section class=\"elementor-section elementor-top-section elementor-element elementor-element-cbac9d0 elementor-section-boxed elementor-section-height-default elementor-section-height-default\" data-id=\"cbac9d0\" data-element_type=\"section\" data-e-type=\"section\" data-settings=\"{&quot;jet_parallax_layout_list&quot;:[],&quot;_ha_eqh_enable&quot;:false}\">\n\t\t\t\t\t\t<div class=\"elementor-container elementor-column-gap-default\">\n\t\t\t\t\t<div class=\"elementor-column elementor-col-100 elementor-top-column elementor-element elementor-element-12145a4\" data-id=\"12145a4\" data-element_type=\"column\" data-e-type=\"column\">\n\t\t\t<div class=\"elementor-widget-wrap elementor-element-populated\">\n\t\t\t\t\t\t<div class=\"elementor-element elementor-element-626a170 animated-slow elementor-widget elementor-widget-image\" data-id=\"626a170\" data-element_type=\"widget\" data-e-type=\"widget\" data-settings=\"{&quot;_animation&quot;:&quot;none&quot;,&quot;_animation_delay&quot;:0}\" data-widget_type=\"image.default\">\n\t\t\t\t\t\t\t\t\t\t\t\t\t\t\t\t<a href=\"https:\/\/www.somatifie.be\/wp-content\/uploads\/2022\/04\/SomatiFIE_Brandveiligheid_Onderhoud-Diensten_brochure.pdf\" target=\"_blank\">\n\t\t\t\t\t\t\t<img fetchpriority=\"high\" decoding=\"async\" width=\"500\" height=\"500\" src=\"https:\/\/www.somatifie.be\/wp-content\/uploads\/2022\/04\/SomatiFIE_Brandveiligheid_Onderhoud-Diensten-500x500.png\" class=\"attachment-medium size-medium wp-image-4769\" alt=\"Brochure basisnormen brandveiligheid\" srcset=\"https:\/\/www.somatifie.be\/wp-content\/uploads\/2022\/04\/SomatiFIE_Brandveiligheid_Onderhoud-Diensten-500x500.png 500w, https:\/\/www.somatifie.be\/wp-content\/uploads\/2022\/04\/SomatiFIE_Brandveiligheid_Onderhoud-Diensten-1024x1024.png 1024w, https:\/\/www.somatifie.be\/wp-content\/uploads\/2022\/04\/SomatiFIE_Brandveiligheid_Onderhoud-Diensten-150x150.png 150w, https:\/\/www.somatifie.be\/wp-content\/uploads\/2022\/04\/SomatiFIE_Brandveiligheid_Onderhoud-Diensten-768x768.png 768w, https:\/\/www.somatifie.be\/wp-content\/uploads\/2022\/04\/SomatiFIE_Brandveiligheid_Onderhoud-Diensten-12x12.png 12w, https:\/\/www.somatifie.be\/wp-content\/uploads\/2022\/04\/SomatiFIE_Brandveiligheid_Onderhoud-Diensten.png 1100w\" sizes=\"(max-width: 500px) 100vw, 500px\" \/>\t\t\t\t\t\t\t\t<\/a>\n\t\t\t\t\t\t\t\t\t\t\t\t\t\t\t<\/div>\n\t\t\t\t<div class=\"elementor-element elementor-element-8dca8ec elementor-widget elementor-widget-text-editor\" data-id=\"8dca8ec\" data-element_type=\"widget\" data-e-type=\"widget\" data-widget_type=\"text-editor.default\">\n\t\t\t\t\t\t\t\t\t<p>SomatiFIE waakt over jouw brandveiligheid en die van jouw werknemers. Basisnormen in brandveiligheid worden vaak met de voeten betreden, maar niet bij ons. Door te inventariseren, te digitaliseren \u00e9n door een jaarlijks onderhoud van alle brandbestrijdingsmiddelen in te plannen, zorgen we ervoor dat onze klanten gerust mogen zijn. Alles wat menselijkerwijs kan gedaan worden om de brandveiligheid te waarborgen is gedaan.<\/p><p>Wil jij ook meer weten over onze diensten inzake basisnormen brandveiligheid? Download dan onze gratis brochure en ontdek er alles over. En daarna staan onze experten in brandveiligheid voor jou klaar om ook jouw onderneming te beschermen.<\/p>\t\t\t\t\t\t\t\t<\/div>\n\t\t\t\t\t<\/div>\n\t\t<\/div>\n\t\t\t\t\t<\/div>\n\t\t<\/section>\n\t\t\t\t<section class=\"elementor-section elementor-top-section elementor-element elementor-element-bff96ff elementor-section-boxed elementor-section-height-default elementor-section-height-default\" data-id=\"bff96ff\" data-element_type=\"section\" data-e-type=\"section\" data-settings=\"{&quot;jet_parallax_layout_list&quot;:[{&quot;jet_parallax_layout_image&quot;:{&quot;url&quot;:&quot;&quot;,&quot;id&quot;:&quot;&quot;,&quot;size&quot;:&quot;&quot;},&quot;_id&quot;:&quot;68cda64&quot;,&quot;jet_parallax_layout_image_tablet&quot;:{&quot;url&quot;:&quot;&quot;,&quot;id&quot;:&quot;&quot;,&quot;size&quot;:&quot;&quot;},&quot;jet_parallax_layout_image_mobile&quot;:{&quot;url&quot;:&quot;&quot;,&quot;id&quot;:&quot;&quot;,&quot;size&quot;:&quot;&quot;},&quot;jet_parallax_layout_speed&quot;:{&quot;unit&quot;:&quot;%&quot;,&quot;size&quot;:50,&quot;sizes&quot;:[]},&quot;jet_parallax_layout_type&quot;:&quot;scroll&quot;,&quot;jet_parallax_layout_direction&quot;:&quot;1&quot;,&quot;jet_parallax_layout_fx_direction&quot;:null,&quot;jet_parallax_layout_z_index&quot;:&quot;&quot;,&quot;jet_parallax_layout_bg_x&quot;:50,&quot;jet_parallax_layout_bg_x_tablet&quot;:&quot;&quot;,&quot;jet_parallax_layout_bg_x_mobile&quot;:&quot;&quot;,&quot;jet_parallax_layout_bg_y&quot;:50,&quot;jet_parallax_layout_bg_y_tablet&quot;:&quot;&quot;,&quot;jet_parallax_layout_bg_y_mobile&quot;:&quot;&quot;,&quot;jet_parallax_layout_bg_size&quot;:&quot;auto&quot;,&quot;jet_parallax_layout_bg_size_tablet&quot;:&quot;&quot;,&quot;jet_parallax_layout_bg_size_mobile&quot;:&quot;&quot;,&quot;jet_parallax_layout_animation_prop&quot;:&quot;transform&quot;,&quot;jet_parallax_layout_on&quot;:[&quot;desktop&quot;,&quot;tablet&quot;]}],&quot;background_background&quot;:&quot;classic&quot;,&quot;_ha_eqh_enable&quot;:false}\">\n\t\t\t\t\t\t<div class=\"elementor-container elementor-column-gap-default\">\n\t\t\t\t\t<div class=\"elementor-column elementor-col-50 elementor-top-column elementor-element elementor-element-dc0cc83 ctalinken\" data-id=\"dc0cc83\" data-element_type=\"column\" data-e-type=\"column\">\n\t\t\t<div class=\"elementor-widget-wrap elementor-element-populated\">\n\t\t\t\t\t\t<div class=\"elementor-element elementor-element-8451c9c elementor-widget elementor-widget-text-editor\" data-id=\"8451c9c\" data-element_type=\"widget\" data-e-type=\"widget\" data-widget_type=\"text-editor.default\">\n\t\t\t\t\t\t\t\t\t<p>Advies nodig over jouw brandveiligheid?<\/p>\t\t\t\t\t\t\t\t<\/div>\n\t\t\t\t<div class=\"elementor-element elementor-element-5b42a20 elementor-widget elementor-widget-text-editor\" data-id=\"5b42a20\" data-element_type=\"widget\" data-e-type=\"widget\" data-widget_type=\"text-editor.default\">\n\t\t\t\t\t\t\t\t\t<p><span style=\"color: #ffffff;\"><a style=\"color: #ffffff;\" href=\"https:\/\/www.somatifie.be\/contact\/\">Contacteer ons<\/a> dan!<\/span><br \/>Onze experten in brandbestrijding staan ter jouw beschikking.<\/p>\t\t\t\t\t\t\t\t<\/div>\n\t\t\t\t\t<\/div>\n\t\t<\/div>\n\t\t\t\t<div class=\"elementor-column elementor-col-50 elementor-top-column elementor-element elementor-element-0b6dd5a\" data-id=\"0b6dd5a\" data-element_type=\"column\" data-e-type=\"column\">\n\t\t\t<div class=\"elementor-widget-wrap elementor-element-populated\">\n\t\t\t\t\t\t<div class=\"elementor-element elementor-element-a17295e elementor-button-info elementor-align-center elementor-widget elementor-widget-button\" data-id=\"a17295e\" data-element_type=\"widget\" data-e-type=\"widget\" data-widget_type=\"button.default\">\n\t\t\t\t\t\t\t\t\t\t<a class=\"elementor-button elementor-button-link elementor-size-lg elementor-animation-grow\" href=\"https:\/\/www.somatifie.be\/contact-brandbestrijding-eerste-interventiemateriaal\/\">\n\t\t\t\t\t\t<span class=\"elementor-button-content-wrapper\">\n\t\t\t\t\t\t<span class=\"elementor-button-icon\">\n\t\t\t\t<svg xmlns=\"http:\/\/www.w3.org\/2000\/svg\" xmlns:xlink=\"http:\/\/www.w3.org\/1999\/xlink\" id=\"Layer_1\" x=\"0px\" y=\"0px\" viewBox=\"0 0 510.2 510.2\" style=\"enable-background:new 0 0 510.2 510.2;\" xml:space=\"preserve\"><g>\t<path d=\"M255,510.2C113.2,510.9-3.2,393,0.1,249.1C3.1,112,116.8-1.6,258.4,0C398.2,1.7,513.7,118.1,510,262   C506.5,398.6,393.9,510.8,255,510.2z M31.1,255.4c1.1,128.2,104.8,226.8,227.4,225c118.9-1.8,220.3-98.7,220.4-225.2   C478.9,127,374.4,28,251.4,30C132.3,32,31.9,129,31.1,255.4z\"><\/path><\/g><path d=\"M340.1,425.6l-27.4,14.9c-4.9,2.7-16.7,1.7-17,1.6c-67.3-19.1-124.3-64.6-157.8-126.1c-33.7-61.6-41-134.4-20.5-201.5  c0,0,5.6-10.1,10.5-12.8l27.4-15c10-5.5,26-4.6,35.4,1.9l4,2.9c9.4,6.6,17,21.3,16.7,32.8l-0.8,42.4c-0.2,11.5-8.6,25.5-18.6,30.9  l-18.3,10c-1.2,55.7,27.3,108,74.7,137l18.3-10c10-5.5,26.4-4.9,36.1,1.1l36,22.2c9.7,5.9,18.1,20.3,18.5,31.7l0.2,4.9  C358,406.2,350.1,420.2,340.1,425.6z\"><\/path><path d=\"M269.9,260.9l20,5.8c6.4-22.1-6.1-45.2-28.2-51.8l-5.8,20C266.8,238.2,273.1,249.9,269.9,260.9z\"><\/path><path d=\"M349.9,284.3c16.3-55.3-15.4-113.2-70.6-129.5l-5.8,20c44.1,13,69.5,59.5,56.5,103.6L349.9,284.3z\"><\/path><path d=\"M296.9,94.9l-5.8,20c77.2,22.7,121.6,104,98.9,181.2l20,5.8C436,213.6,385.3,120.9,296.9,94.9z\"><\/path><\/svg>\t\t\t<\/span>\n\t\t\t\t\t\t\t\t\t<span class=\"elementor-button-text\">Contacteer ons<\/span>\n\t\t\t\t\t<\/span>\n\t\t\t\t\t<\/a>\n\t\t\t\t\t\t\t\t<\/div>\n\t\t\t\t\t<\/div>\n\t\t<\/div>\n\t\t\t\t\t<\/div>\n\t\t<\/section>\n\t\t\t\t<\/div>\n\t\t","protected":false},"excerpt":{"rendered":"<p>Basisnormen brandveiligheid Bekijk hier onze digitale brochure over brandveiligheid voor meer informatie. SomatiFIE waakt over jouw brandveiligheid en die van jouw werknemers. Basisnormen in brandveiligheid worden vaak met de voeten betreden, maar niet bij ons. Door te inventariseren, te digitaliseren \u00e9n door een jaarlijks onderhoud van alle brandbestrijdingsmiddelen in te plannen, zorgen we ervoor dat [&hellip;]<\/p>\n","protected":false},"author":5,"featured_media":385,"parent":54,"menu_order":40,"comment_status":"closed","ping_status":"closed","template":"","meta":{"_seopress_robots_primary_cat":"","_seopress_titles_title":"Download de brochure basisnormen brandveiligheid %%sep%% %%sitetitle%%","_seopress_titles_desc":"Meer weten over basisnormen brandveiligheid? Download gratis onze digitale brochure en leer van onze experten waar je op moet letten.","_seopress_robots_index":"","footnotes":""},"class_list":["post-4777","page","type-page","status-publish","has-post-thumbnail","hentry"],"_links":{"self":[{"href":"https:\/\/www.somatifie.be\/fr\/wp-json\/wp\/v2\/pages\/4777","targetHints":{"allow":["GET"]}}],"collection":[{"href":"https:\/\/www.somatifie.be\/fr\/wp-json\/wp\/v2\/pages"}],"about":[{"href":"https:\/\/www.somatifie.be\/fr\/wp-json\/wp\/v2\/types\/page"}],"author":[{"embeddable":true,"href":"https:\/\/www.somatifie.be\/fr\/wp-json\/wp\/v2\/users\/5"}],"replies":[{"embeddable":true,"href":"https:\/\/www.somatifie.be\/fr\/wp-json\/wp\/v2\/comments?post=4777"}],"version-history":[{"count":3,"href":"https:\/\/www.somatifie.be\/fr\/wp-json\/wp\/v2\/pages\/4777\/revisions"}],"predecessor-version":[{"id":7975,"href":"https:\/\/www.somatifie.be\/fr\/wp-json\/wp\/v2\/pages\/4777\/revisions\/7975"}],"up":[{"embeddable":true,"href":"https:\/\/www.somatifie.be\/fr\/wp-json\/wp\/v2\/pages\/54"}],"wp:featuredmedia":[{"embeddable":true,"href":"https:\/\/www.somatifie.be\/fr\/wp-json\/wp\/v2\/media\/385"}],"wp:attachment":[{"href":"https:\/\/www.somatifie.be\/fr\/wp-json\/wp\/v2\/media?parent=4777"}],"curies":[{"name":"wp","href":"https:\/\/api.w.org\/{rel}","templated":true}]}}